{"id":67,"date":"2019-03-14T09:32:02","date_gmt":"2019-03-14T07:32:02","guid":{"rendered":"http:\/\/helo.finlex.fi\/?page_id=67"},"modified":"2019-04-18T13:29:39","modified_gmt":"2019-04-18T10:29:39","slug":"sisallys","status":"publish","type":"page","link":"https:\/\/helo.finlex.fi\/sv\/iv-hallituksen-esityksen-perusrakenne\/sisallys\/","title":{"rendered":"Inneh\u00e5ll"},"content":{"rendered":"<p>Efter det huvudsakliga inneh\u00e5llet f\u00f6ljer vanligen en inneh\u00e5llsf\u00f6rteckning. Om rubrikerna \u00e4r f\u00e5, beh\u00f6vs ingen inneh\u00e5llsf\u00f6rteckning.<\/p>","protected":false},"excerpt":{"rendered":"Efter det huvudsakliga inneh\u00e5llet f\u00f6ljer vanligen en inneh\u00e5llsf\u00f6rteckning. Om rubrikerna \u00e4r f\u00e5, beh\u00f6vs ingen inneh\u00e5llsf\u00f6rteckning.\n","protected":false},"author":2,"featured_media":0,"parent":42,"menu_order":40,"comment_status":"closed","ping_status":"closed","template":"","meta":{"footnotes":""},"categories":[],"_links":{"self":[{"href":"https:\/\/helo.finlex.fi\/sv\/wp-json\/wp\/v2\/pages\/67"}],"collection":[{"href":"https:\/\/helo.finlex.fi\/sv\/wp-json\/wp\/v2\/pages"}],"about":[{"href":"https:\/\/helo.finlex.fi\/sv\/wp-json\/wp\/v2\/types\/page"}],"author":[{"embeddable":true,"href":"https:\/\/helo.finlex.fi\/sv\/wp-json\/wp\/v2\/users\/2"}],"replies":[{"embeddable":true,"href":"https:\/\/helo.finlex.fi\/sv\/wp-json\/wp\/v2\/comments?post=67"}],"version-history":[{"count":2,"href":"https:\/\/helo.finlex.fi\/sv\/wp-json\/wp\/v2\/pages\/67\/revisions"}],"predecessor-version":[{"id":491,"href":"https:\/\/helo.finlex.fi\/sv\/wp-json\/wp\/v2\/pages\/67\/revisions\/491"}],"up":[{"embeddable":true,"href":"https:\/\/helo.finlex.fi\/sv\/wp-json\/wp\/v2\/pages\/42"}],"wp:attachment":[{"href":"https:\/\/helo.finlex.fi\/sv\/wp-json\/wp\/v2\/media?parent=67"}],"wp:term":[{"taxonomy":"category","embeddable":true,"href":"https:\/\/helo.finlex.fi\/sv\/wp-json\/wp\/v2\/categories?post=67"}],"curies":[{"name":"wp","href":"https:\/\/api.w.org\/{rel}","templated":true}]}}