{"id":65,"date":"2019-03-13T16:12:20","date_gmt":"2019-03-13T14:12:20","guid":{"rendered":"http:\/\/helo.finlex.fi\/?page_id=65"},"modified":"2026-01-21T10:53:26","modified_gmt":"2026-01-21T08:53:26","slug":"esityksen-paaasiallinen-sisalto","status":"publish","type":"page","link":"https:\/\/helo.finlex.fi\/sv\/iv-hallituksen-esityksen-perusrakenne\/esityksen-paaasiallinen-sisalto\/","title":{"rendered":"PROPOSITIONENS HUVUDSAKLIGA INNEH\u00c5LL"},"content":{"rendered":"<p>En proposition ska inledas med ett sammandrag av inneh\u00e5llet.<\/p>\n<p>D\u00e4r anges propositionens viktigaste f\u00f6rslag och m\u00e5l samt de v\u00e4sentligaste konsekvenserna. Sammandraget \u00e4r en kort \u00f6versikt och p\u00e5minner om ett pressmeddelande.<\/p>\n<p>Sammandraget inleds med en kort beskrivning av vad som f\u00f6resl\u00e5s. Man kan till exempel ange vilken lag som enligt f\u00f6rslaget ska stiftas eller vilken eller vilka lagar eller vilken lagstiftning som f\u00f6resl\u00e5s bli \u00e4ndrad och p\u00e5 vilket s\u00e4tt.<\/p>\n<blockquote><p><em>I denna proposition f\u00f6resl\u00e5s det att det stiftas en ny lag om kattskatt, genom vilken den nuvarande lagen om kattskatt upph\u00e4vs. Dessutom f\u00f6resl\u00e5s det \u00e4ndringar i annan skattelagstiftning, fr\u00e4mst i syfte att uppdatera h\u00e4nvisningsbest\u00e4mmelserna.<\/em><\/p>\n<p><em>I propositionen f\u00f6resl\u00e5s best\u00e4mmelser om en ny kattskatt.<\/em><\/p>\n<p><em>Det f\u00f6resl\u00e5s att lagen om kattskatt \u00e4ndras s\u00e5 att skatten i st\u00e4llet f\u00f6r nuvarande 50 euro \u00e4r 75 euro.<\/em><\/p><\/blockquote>\n<p>Sammandraget f\u00e5r inte inneh\u00e5lla motiveringstext, inte heller uppgifter om detaljer.<\/p>\n<p>Sammandraget ska skrivas p\u00e5 ett klart och tydligt allm\u00e4nspr\u00e5k. I synnerhet juridiska termer och andra fackspr\u00e5kliga uttryck ska undvikas. H\u00e4nvisningar till best\u00e4mmelser skrivs inte ut. Inte heller f\u00f6rfattningsnummer eller h\u00e4nvisningar till riksdagshandlingar tas in i texten.<\/p>\n<p>Sammandraget f\u00e5r inte vara l\u00e4ngre \u00e4n en sida. Man kan till exempel skriva 1\u20133 meningar vardera om f\u00f6rslagen, m\u00e5ls\u00e4ttningen och konsekvenserna. I propositioner med ett mindre omfattande inneh\u00e5ll r\u00e4cker det med sammanlagt n\u00e5gra meningar.<\/p>\n<p>I sammandraget n\u00e4mns huruvida propositionen h\u00e4nf\u00f6r sig till budgetpropositionen.<\/p>\n<blockquote><p><em>Propositionen h\u00e4nf\u00f6r sig till budgetpropositionen f\u00f6r 2020 och avses bli behandlad i samband med den.<\/em><\/p><\/blockquote>\n<p>Det ska av sammandraget framg\u00e5 n\u00e4r det \u00e4r t\u00e4nkt att den f\u00f6reslagna lagstiftningen ska tr\u00e4da i kraft, om detta \u00e4r v\u00e4sentligt med tanke p\u00e5 propositionen.<\/p>\n<blockquote><p><em>Den f\u00f6reslagna lagen\/De f\u00f6reslagna lagarna avses tr\u00e4da i kraft den 1 april 2020.<br \/>\n<\/em><\/p><\/blockquote>\n<p><\/p>","protected":false},"excerpt":{"rendered":"En proposition ska inledas med ett sammandrag av inneh\u00e5llet. D\u00e4r anges propositionens viktigaste f\u00f6rslag och m\u00e5l samt de v\u00e4sentligaste konsekvenserna. Sammandraget \u00e4r en kort \u00f6versikt och p\u00e5minner om ett pressmeddelande. Sammandraget inleds med en kort beskrivning av vad som f\u00f6resl\u00e5s. Man kan till exempel ange vilken lag som enligt f\u00f6rslaget ska stiftas eller vilken eller [&hellip;]\n","protected":false},"author":2,"featured_media":0,"parent":42,"menu_order":20,"comment_status":"closed","ping_status":"closed","template":"","meta":{"footnotes":""},"categories":[],"_links":{"self":[{"href":"https:\/\/helo.finlex.fi\/sv\/wp-json\/wp\/v2\/pages\/65"}],"collection":[{"href":"https:\/\/helo.finlex.fi\/sv\/wp-json\/wp\/v2\/pages"}],"about":[{"href":"https:\/\/helo.finlex.fi\/sv\/wp-json\/wp\/v2\/types\/page"}],"author":[{"embeddable":true,"href":"https:\/\/helo.finlex.fi\/sv\/wp-json\/wp\/v2\/users\/2"}],"replies":[{"embeddable":true,"href":"https:\/\/helo.finlex.fi\/sv\/wp-json\/wp\/v2\/comments?post=65"}],"version-history":[{"count":7,"href":"https:\/\/helo.finlex.fi\/sv\/wp-json\/wp\/v2\/pages\/65\/revisions"}],"predecessor-version":[{"id":802,"href":"https:\/\/helo.finlex.fi\/sv\/wp-json\/wp\/v2\/pages\/65\/revisions\/802"}],"up":[{"embeddable":true,"href":"https:\/\/helo.finlex.fi\/sv\/wp-json\/wp\/v2\/pages\/42"}],"wp:attachment":[{"href":"https:\/\/helo.finlex.fi\/sv\/wp-json\/wp\/v2\/media?parent=65"}],"wp:term":[{"taxonomy":"category","embeddable":true,"href":"https:\/\/helo.finlex.fi\/sv\/wp-json\/wp\/v2\/categories?post=65"}],"curies":[{"name":"wp","href":"https:\/\/api.w.org\/{rel}","templated":true}]}}