{"id":63,"date":"2019-03-13T16:05:33","date_gmt":"2019-03-13T14:05:33","guid":{"rendered":"http:\/\/helo.finlex.fi\/?page_id=63"},"modified":"2019-04-18T13:24:41","modified_gmt":"2019-04-18T10:24:41","slug":"esityksen-rakenne","status":"publish","type":"page","link":"https:\/\/helo.finlex.fi\/sv\/iv-hallituksen-esityksen-perusrakenne\/esityksen-rakenne\/","title":{"rendered":"Struktur"},"content":{"rendered":"<p><\/p>\n<ol class=\"list-unnumbered\">\n<li>PROPOSITIONENS HUVUDSAKLIGA INNEH\u00c5LL<\/li>\n<li>Inneh\u00e5ll<\/li>\n<li>MOTIVERING<\/li>\n<li>1 Bakgrund och beredning\n<ol class=\"list-unnumbered\">\n<li>1.1 Bakgrund<\/li>\n<li>1.2 Beredning<\/li>\n<\/ol>\n<\/li>\n<li>2 Nul\u00e4ge och bed\u00f6mning av nul\u00e4get<\/li>\n<li>3 M\u00e5ls\u00e4ttning<\/li>\n<li>4 F\u00f6rslagen och deras konsekvenser\n<ol class=\"list-unnumbered\">\n<li>4.1 De viktigaste f\u00f6rslagen<\/li>\n<li>4.2 De huvudsakliga konsekvenserna<\/li>\n<\/ol>\n<\/li>\n<li>5 Alternativa handlingsv\u00e4gar\n<ol class=\"list-unnumbered\">\n<li>5.1 Handlingsalternativen och deras konsekvenser<\/li>\n<li>5.2 Lagstiftning och andra handlingsmodeller i utlandet<\/li>\n<\/ol>\n<\/li>\n<li>6 Remissvar<\/li>\n<li>7 Specialmotivering<\/li>\n<li>8 Best\u00e4mmelser p\u00e5 l\u00e4gre niv\u00e5 \u00e4n lag<\/li>\n<li>9 Ikrafttr\u00e4dande<\/li>\n<li>10 Verkst\u00e4llighet och uppf\u00f6ljning<\/li>\n<li>11 F\u00f6rh\u00e5llande till andra propositioner\n<ol class=\"list-unnumbered\">\n<li>11.1 Samband med andra propositioner<\/li>\n<li>11.2 F\u00f6rh\u00e5llande till budgetpropositionen<\/li>\n<\/ol>\n<\/li>\n<li>12 F\u00f6rh\u00e5llande till grundlagen samt lagstiftningsordning<\/li>\n<li>Kl\u00e4m<\/li>\n<li>LAGF\u00d6RSLAG<\/li>\n<li>BILAGA\/BILAGOR<\/li>\n<li>Parallelltext\/Parallelltexter<\/li>\n<li>F\u00f6rordningsutkast<\/li>\n<li>Andra bilagor<\/li>\n<\/ol>\n<p><\/p>","protected":false},"excerpt":{"rendered":"PROPOSITIONENS HUVUDSAKLIGA INNEH\u00c5LL Inneh\u00e5ll MOTIVERING 1 Bakgrund och beredning 1.1 Bakgrund 1.2 Beredning 2 Nul\u00e4ge och bed\u00f6mning av nul\u00e4get 3 M\u00e5ls\u00e4ttning 4 F\u00f6rslagen och deras konsekvenser 4.1 De viktigaste f\u00f6rslagen 4.2 De huvudsakliga konsekvenserna 5 Alternativa handlingsv\u00e4gar 5.1 Handlingsalternativen och deras konsekvenser 5.2 Lagstiftning och andra handlingsmodeller i utlandet 6 Remissvar 7 Specialmotivering 8 Best\u00e4mmelser [&hellip;]\n","protected":false},"author":2,"featured_media":0,"parent":42,"menu_order":0,"comment_status":"closed","ping_status":"closed","template":"","meta":{"footnotes":""},"categories":[],"_links":{"self":[{"href":"https:\/\/helo.finlex.fi\/sv\/wp-json\/wp\/v2\/pages\/63"}],"collection":[{"href":"https:\/\/helo.finlex.fi\/sv\/wp-json\/wp\/v2\/pages"}],"about":[{"href":"https:\/\/helo.finlex.fi\/sv\/wp-json\/wp\/v2\/types\/page"}],"author":[{"embeddable":true,"href":"https:\/\/helo.finlex.fi\/sv\/wp-json\/wp\/v2\/users\/2"}],"replies":[{"embeddable":true,"href":"https:\/\/helo.finlex.fi\/sv\/wp-json\/wp\/v2\/comments?post=63"}],"version-history":[{"count":6,"href":"https:\/\/helo.finlex.fi\/sv\/wp-json\/wp\/v2\/pages\/63\/revisions"}],"predecessor-version":[{"id":488,"href":"https:\/\/helo.finlex.fi\/sv\/wp-json\/wp\/v2\/pages\/63\/revisions\/488"}],"up":[{"embeddable":true,"href":"https:\/\/helo.finlex.fi\/sv\/wp-json\/wp\/v2\/pages\/42"}],"wp:attachment":[{"href":"https:\/\/helo.finlex.fi\/sv\/wp-json\/wp\/v2\/media?parent=63"}],"wp:term":[{"taxonomy":"category","embeddable":true,"href":"https:\/\/helo.finlex.fi\/sv\/wp-json\/wp\/v2\/categories?post=63"}],"curies":[{"name":"wp","href":"https:\/\/api.w.org\/{rel}","templated":true}]}}