{"id":60,"date":"2019-03-13T15:53:32","date_gmt":"2019-03-13T13:53:32","guid":{"rendered":"http:\/\/helo.finlex.fi\/?page_id=60"},"modified":"2019-04-18T13:27:08","modified_gmt":"2019-04-18T10:27:08","slug":"hallituksen-esityksen-nimi","status":"publish","type":"page","link":"https:\/\/helo.finlex.fi\/sv\/iv-hallituksen-esityksen-perusrakenne\/hallituksen-esityksen-nimi\/","title":{"rendered":"Propositionens rubrik"},"content":{"rendered":"<p>Rubriken kan best\u00e5 av rubrikerna p\u00e5 nya lagar eller p\u00e5 lagar som f\u00f6resl\u00e5s bli \u00e4ndrade.<\/p>\n<blockquote><p><em>Regeringens proposition till riksdagen med f\u00f6rslag till lag om statlig finansiering f\u00f6r fr\u00e4mjande av filmkulturen<br \/>\n<\/em><\/p>\n<p><em>Regeringens proposition till riksdagen med f\u00f6rslag till lagar om \u00e4ndring av strafflagen, 10 kap. i tv\u00e5ngsmedelslagen och 5 kap. i polislagen<br \/>\n<\/em><\/p><\/blockquote>\n<p>En rubrik genom vilken lagen specificeras ska alltid anv\u00e4ndas om det i propositionen inte f\u00f6resl\u00e5s n\u00e5got annat \u00e4n att lagen eller n\u00e5gra best\u00e4mmelser i den upph\u00e4vs.<\/p>\n<blockquote><p><em>Regeringens proposition till riksdagen med f\u00f6rslag till lag om upph\u00e4vande av lagen om hundskatt<br \/>\n<\/em><\/p>\n<p><em>Regeringens proposition till riksdagen med f\u00f6rslag till lag om upph\u00e4vande av 57 a \u00a7 i markanv\u00e4ndnings- och bygglagen<br \/>\n<\/em><\/p><\/blockquote>\n<p>Det \u00e4r ocks\u00e5 m\u00f6jligt att anv\u00e4nda en rubrik som tar fasta p\u00e5 den viktigaste lagen i propositionen och h\u00e4nvisa till de \u00f6vriga lagar som ing\u00e5r i den.<\/p>\n<blockquote><p><em>Regeringens proposition till riksdagen med f\u00f6rslag till lag om r\u00e4tteg\u00e5ng i f\u00f6rvaltnings\u00e4renden och till lagar som har samband med den<br \/>\n<\/em><\/p><\/blockquote>\n<p>Om propositionen inneh\u00e5ller flera helt nya lagar eller lagar som \u00e4ndras, kan propositionen ges en rubrik som beskriver dess inneh\u00e5ll.<\/p>\n<blockquote><p><em>Regeringens proposition till riksdagen med f\u00f6rslag till lagstiftning om tredimensionella fastigheter<br \/>\n<\/em><\/p>\n<p><em>Regeringens proposition till riksdagen med f\u00f6rslag till lagstiftning om behandling av personuppgifter vid Brottsp\u00e5f\u00f6ljdsmyndigheten<br \/>\n<\/em><\/p><\/blockquote>\n<p><\/p>","protected":false},"excerpt":{"rendered":"Rubriken kan best\u00e5 av rubrikerna p\u00e5 nya lagar eller p\u00e5 lagar som f\u00f6resl\u00e5s bli \u00e4ndrade. Regeringens proposition till riksdagen med f\u00f6rslag till lag om statlig finansiering f\u00f6r fr\u00e4mjande av filmkulturen Regeringens proposition till riksdagen med f\u00f6rslag till lagar om \u00e4ndring av strafflagen, 10 kap. i tv\u00e5ngsmedelslagen och 5 kap. i polislagen En rubrik genom vilken [&hellip;]\n","protected":false},"author":2,"featured_media":0,"parent":42,"menu_order":10,"comment_status":"closed","ping_status":"closed","template":"","meta":{"footnotes":""},"categories":[],"_links":{"self":[{"href":"https:\/\/helo.finlex.fi\/sv\/wp-json\/wp\/v2\/pages\/60"}],"collection":[{"href":"https:\/\/helo.finlex.fi\/sv\/wp-json\/wp\/v2\/pages"}],"about":[{"href":"https:\/\/helo.finlex.fi\/sv\/wp-json\/wp\/v2\/types\/page"}],"author":[{"embeddable":true,"href":"https:\/\/helo.finlex.fi\/sv\/wp-json\/wp\/v2\/users\/2"}],"replies":[{"embeddable":true,"href":"https:\/\/helo.finlex.fi\/sv\/wp-json\/wp\/v2\/comments?post=60"}],"version-history":[{"count":3,"href":"https:\/\/helo.finlex.fi\/sv\/wp-json\/wp\/v2\/pages\/60\/revisions"}],"predecessor-version":[{"id":489,"href":"https:\/\/helo.finlex.fi\/sv\/wp-json\/wp\/v2\/pages\/60\/revisions\/489"}],"up":[{"embeddable":true,"href":"https:\/\/helo.finlex.fi\/sv\/wp-json\/wp\/v2\/pages\/42"}],"wp:attachment":[{"href":"https:\/\/helo.finlex.fi\/sv\/wp-json\/wp\/v2\/media?parent=60"}],"wp:term":[{"taxonomy":"category","embeddable":true,"href":"https:\/\/helo.finlex.fi\/sv\/wp-json\/wp\/v2\/categories?post=60"}],"curies":[{"name":"wp","href":"https:\/\/api.w.org\/{rel}","templated":true}]}}