{"id":346,"date":"2019-03-15T14:07:37","date_gmt":"2019-03-15T12:07:37","guid":{"rendered":"http:\/\/helo.finlex.fi\/?page_id=346"},"modified":"2019-05-22T14:56:30","modified_gmt":"2019-05-22T11:56:30","slug":"liite-2-kaksi-muutosta-perusteluiden-kirjoitustapaan","status":"publish","type":"page","link":"https:\/\/helo.finlex.fi\/sv\/liitteet\/liite-2-kaksi-muutosta-perusteluiden-kirjoitustapaan\/","title":{"rendered":"Bilaga 2 Tv\u00e5 \u00e4ndringar i s\u00e4ttet att skriva motiveringar"},"content":{"rendered":"<p><strong>Datum<\/strong><br \/>\nDatum skrivs p\u00e5 finska med siffror (1.1.2020) i motiveringen. I lagtext anv\u00e4nds fortfarande skrivs\u00e4ttet \u201dden 1 januari 2020\u201d p\u00e5 b\u00e5de finska och svenska.<\/p>\n<p><strong>Etablerade f\u00f6rkortningar<\/strong><br \/>\nEtablerade f\u00f6rkortningar anv\u00e4nds i motiveringstext utan att de f\u00f6rklaras. Som s\u00e5dana f\u00f6rkortningar betraktas tills vidare endast f\u00f6ljande: EES, EU, OSSE, OECD, WTO och FN. P\u00e5 finska anv\u00e4nds dessutom f\u00f6rkortningen EN f\u00f6r Europar\u00e5det.<\/p>","protected":false},"excerpt":{"rendered":"Datum Datum skrivs p\u00e5 finska med siffror (1.1.2020) i motiveringen. I lagtext anv\u00e4nds fortfarande skrivs\u00e4ttet \u201dden 1 januari 2020\u201d p\u00e5 b\u00e5de finska och svenska. Etablerade f\u00f6rkortningar Etablerade f\u00f6rkortningar anv\u00e4nds i motiveringstext utan att de f\u00f6rklaras. Som s\u00e5dana f\u00f6rkortningar betraktas tills vidare endast f\u00f6ljande: EES, EU, OSSE, OECD, WTO och FN. P\u00e5 finska anv\u00e4nds dessutom f\u00f6rkortningen [&hellip;]\n","protected":false},"author":2,"featured_media":0,"parent":341,"menu_order":0,"comment_status":"closed","ping_status":"closed","template":"","meta":{"footnotes":""},"categories":[],"_links":{"self":[{"href":"https:\/\/helo.finlex.fi\/sv\/wp-json\/wp\/v2\/pages\/346"}],"collection":[{"href":"https:\/\/helo.finlex.fi\/sv\/wp-json\/wp\/v2\/pages"}],"about":[{"href":"https:\/\/helo.finlex.fi\/sv\/wp-json\/wp\/v2\/types\/page"}],"author":[{"embeddable":true,"href":"https:\/\/helo.finlex.fi\/sv\/wp-json\/wp\/v2\/users\/2"}],"replies":[{"embeddable":true,"href":"https:\/\/helo.finlex.fi\/sv\/wp-json\/wp\/v2\/comments?post=346"}],"version-history":[{"count":3,"href":"https:\/\/helo.finlex.fi\/sv\/wp-json\/wp\/v2\/pages\/346\/revisions"}],"predecessor-version":[{"id":670,"href":"https:\/\/helo.finlex.fi\/sv\/wp-json\/wp\/v2\/pages\/346\/revisions\/670"}],"up":[{"embeddable":true,"href":"https:\/\/helo.finlex.fi\/sv\/wp-json\/wp\/v2\/pages\/341"}],"wp:attachment":[{"href":"https:\/\/helo.finlex.fi\/sv\/wp-json\/wp\/v2\/media?parent=346"}],"wp:term":[{"taxonomy":"category","embeddable":true,"href":"https:\/\/helo.finlex.fi\/sv\/wp-json\/wp\/v2\/categories?post=346"}],"curies":[{"name":"wp","href":"https:\/\/api.w.org\/{rel}","templated":true}]}}