{"id":343,"date":"2019-03-15T14:00:56","date_gmt":"2019-03-15T12:00:56","guid":{"rendered":"http:\/\/helo.finlex.fi\/?page_id=343"},"modified":"2019-04-17T14:23:05","modified_gmt":"2019-04-17T11:23:05","slug":"liite-1-hallituksen-esitysten-mallirakennetaulukko","status":"publish","type":"page","link":"https:\/\/helo.finlex.fi\/sv\/liitteet\/liite-1-hallituksen-esitysten-mallirakennetaulukko\/","title":{"rendered":"Bilaga 1 Tabell \u00f6ver strukturmallar f\u00f6r propositioner"},"content":{"rendered":"<p><\/p>\n<table class=\"table\">\n<thead>\n<tr>\n<th>Grundl\u00e4ggande struktur f\u00f6r en proposition<\/th>\n<th>EU-relaterad proposition<\/th>\n<th>F\u00f6rdragsproposition<\/th>\n<th>F\u00f6rdrags- och EU-relaterad proposition<\/th>\n<\/tr>\n<\/thead>\n<tbody>\n<tr>\n<td>PROPOSITIONENS HUVUDSAKLIGA INNEH\u00c5LL<\/td>\n<td>PROPOSITIONENS HUVUDSAKLIGA INNEH\u00c5LL<\/td>\n<td>PROPOSITIONENS HUVUDSAKLIGA INNEH\u00c5LL<\/td>\n<td>PROPOSITIONENS HUVUDSAKLIGA INNEH\u00c5LL<\/td>\n<\/tr>\n<tr>\n<td>Inneh\u00e5ll<\/td>\n<td>Inneh\u00e5ll<\/td>\n<td>Inneh\u00e5ll<\/td>\n<td>Inneh\u00e5ll<\/td>\n<\/tr>\n<tr>\n<td>MOTIVERING<\/td>\n<td>MOTIVERING<\/td>\n<td>MOTIVERING<\/td>\n<td>MOTIVERING<\/td>\n<\/tr>\n<tr>\n<td>1 Bakgrund och beredning<\/td>\n<td>1 Bakgrund och beredning<\/td>\n<td>1 Bakgrund och beredning<\/td>\n<td>1 Bakgrund och beredning<\/td>\n<\/tr>\n<tr>\n<td>1.1 Bakgrund<\/td>\n<td>1.1 Bakgrund<\/td>\n<td>1.1 Bakgrund<\/td>\n<td>1.1 Bakgrund<\/td>\n<\/tr>\n<tr>\n<td>1.2 Beredning<\/td>\n<td>1.2 Beredning<\/td>\n<td>1.2 Beredning<\/td>\n<td>1.2 Beredning<\/td>\n<\/tr>\n<tr>\n<td><\/td>\n<td><\/td>\n<td>Beredningen av f\u00f6rdraget<\/td>\n<td>Beredningen av f\u00f6rdraget<\/td>\n<\/tr>\n<tr>\n<td><\/td>\n<td>Beredningen av EU-r\u00e4ttsakten<\/td>\n<td><\/td>\n<td>Beredningen av EU-r\u00e4ttsakten<\/td>\n<\/tr>\n<tr>\n<td><\/td>\n<td>Beredningen av propositionen<\/td>\n<td>Beredningen p\u00e5 nationell niv\u00e5<\/td>\n<td>Beredningen av propositionen<\/td>\n<\/tr>\n<tr>\n<td><\/td>\n<td>EU-r\u00e4ttsaktens m\u00e5ls\u00e4ttning och huvudsakliga inneh\u00e5ll<\/td>\n<td>2 F\u00f6rdragets m\u00e5ls\u00e4ttning<\/td>\n<td>2 F\u00f6rdragets och EU-r\u00e4ttsaktens huvudsakliga inneh\u00e5ll<\/td>\n<\/tr>\n<tr>\n<td>2 Nul\u00e4ge och bed\u00f6mning av nul\u00e4get<\/td>\n<td>3 Nul\u00e4ge och bed\u00f6mning av nul\u00e4get<\/td>\n<td><\/td>\n<td>3 Nul\u00e4ge och bed\u00f6mning av nul\u00e4get<\/td>\n<\/tr>\n<tr>\n<td>3 M\u00e5ls\u00e4ttning<\/td>\n<td><\/td>\n<td><\/td>\n<td><\/td>\n<\/tr>\n<tr>\n<td>4 F\u00f6rslagen och deras konsekvenser<\/td>\n<td>4 F\u00f6rslagen och deras konsekvenser<\/td>\n<td><\/td>\n<td>4 F\u00f6rslagen och deras konsekvenser<\/td>\n<\/tr>\n<tr>\n<td>4.1 De viktigaste f\u00f6rslagen<\/td>\n<td>4.1 De viktigaste f\u00f6rslagen<\/td>\n<td>3 De viktigaste f\u00f6rslagen<\/td>\n<td>4.1 De viktigaste f\u00f6rslagen<\/td>\n<\/tr>\n<tr>\n<td>4.2 De huvudsakliga konsekvenserna<\/td>\n<td>4.2 De huvudsakliga konsekvenserna<\/td>\n<td>4 Propositionens konsekvenser<\/td>\n<td>4.2 De huvudsakliga konsekvenserna<\/td>\n<\/tr>\n<tr>\n<td>5 Alternativa handlingsv\u00e4gar<\/td>\n<td>5 Alternativa handlingsv\u00e4gar<\/td>\n<td><\/td>\n<td>5 Alternativa handlingsv\u00e4gar<\/td>\n<\/tr>\n<tr>\n<td>5.1 Handlingsalternativen och deras konsekvenser<\/td>\n<td>5.1 Handlingsalternativen och deras konsekvenser<\/td>\n<td><\/td>\n<td>5.1 Handlingsalternativen och deras konsekvenser<\/td>\n<\/tr>\n<tr>\n<td>5.2 Lagstiftning och andra handlingsmodeller i utlandet<\/td>\n<td>5.2 Handlingsmodeller som anv\u00e4nds eller planeras i andra medlemsstater<\/td>\n<td><\/td>\n<td>5.2 Lagstiftning och andra handlingsmodeller i utlandet<\/td>\n<\/tr>\n<tr>\n<td>6 Remissvar<\/td>\n<td>6 Remissvar<\/td>\n<td>5 Remissvar<\/td>\n<td>6 Remissvar<\/td>\n<\/tr>\n<tr>\n<td><\/td>\n<td><\/td>\n<td>6 Best\u00e4mmelserna i f\u00f6rdraget och deras f\u00f6rh\u00e5llande till lagstiftningen i Finland<\/td>\n<td>7 Best\u00e4mmelserna i f\u00f6rdraget och deras f\u00f6rh\u00e5llande till lagstiftningen i Finland<\/td>\n<\/tr>\n<tr>\n<td>7 Specialmotivering<\/td>\n<td>7 Specialmotivering<\/td>\n<td>7 Specialmotivering till lagf\u00f6rslaget\/lagf\u00f6rslagen<\/td>\n<td>8 Specialmotivering till lagf\u00f6rslaget\/lagf\u00f6rslagen<\/td>\n<\/tr>\n<tr>\n<td>8 Best\u00e4mmelser p\u00e5 l\u00e4gre niv\u00e5 \u00e4n lag<\/td>\n<td>8 Best\u00e4mmelser p\u00e5 l\u00e4gre niv\u00e5 \u00e4n lag<\/td>\n<td>8 Best\u00e4mmelser p\u00e5 l\u00e4gre niv\u00e5 \u00e4n lag<\/td>\n<td>9 Best\u00e4mmelser p\u00e5 l\u00e4gre niv\u00e5 \u00e4n lag<\/td>\n<\/tr>\n<tr>\n<td>9 Ikrafttr\u00e4dande<\/td>\n<td>9 Ikrafttr\u00e4dande<\/td>\n<td>9 Ikrafttr\u00e4dande<\/td>\n<td>10 Ikrafttr\u00e4dande<\/td>\n<\/tr>\n<tr>\n<td><\/td>\n<td><\/td>\n<td>10 Bifall av \u00c5lands lagting<\/td>\n<td>11 Bifall av \u00c5lands lagting<\/td>\n<\/tr>\n<tr>\n<td>10 Verkst\u00e4llighet och uppf\u00f6ljning<\/td>\n<td>10 Verkst\u00e4llighet och uppf\u00f6ljning<\/td>\n<td>11 Verkst\u00e4llighet och uppf\u00f6ljning<\/td>\n<td>12 Verkst\u00e4llighet och uppf\u00f6ljning<\/td>\n<\/tr>\n<tr>\n<td>11 F\u00f6rh\u00e5llande till andra propositioner<\/td>\n<td>11 F\u00f6rh\u00e5llande till andra propositioner<\/td>\n<td>12 F\u00f6rh\u00e5llande till andra propositioner<\/td>\n<td>13 F\u00f6rh\u00e5llande till andra propositioner<\/td>\n<\/tr>\n<tr>\n<td>11.1 Samband med andra propositioner<\/td>\n<td>11.1 Samband med andra propositioner<\/td>\n<td><\/td>\n<td>13.1 Samband med andra propositioner<\/td>\n<\/tr>\n<tr>\n<td>11.2 F\u00f6rh\u00e5llande till budgetpropositionen<\/td>\n<td>11.2 F\u00f6rh\u00e5llande till budgetpropositionen<\/td>\n<td><\/td>\n<td>13.2 F\u00f6rh\u00e5llande till budgetpropositionen<\/td>\n<\/tr>\n<tr>\n<td>12 F\u00f6rh\u00e5llande till grundlagen samt lagstiftningsordning<\/td>\n<td>12 F\u00f6rh\u00e5llande till grundlagen samt lagstiftningsordning<\/td>\n<td>13 Behovet av riksdagens samtycke samt behandlingsordning<\/td>\n<td>14 F\u00f6rh\u00e5llande till grundlagen samt lagstiftningsordning och behovet av riksdagens samtycke samt behandlingsordning<\/td>\n<\/tr>\n<tr>\n<td><\/td>\n<td><\/td>\n<td>13.1 Behovet av riksdagens samtycke<\/td>\n<td>14.1 F\u00f6rh\u00e5llande till grundlagen samt lagstiftningsordning<\/td>\n<\/tr>\n<tr>\n<td><\/td>\n<td><\/td>\n<td>13.2 Behandlingsordning<\/td>\n<td>14.2 Behovet av riksdagens samtycke samt behandlingsordning<\/td>\n<\/tr>\n<tr>\n<td><\/td>\n<td><\/td>\n<td>Kl\u00e4m 1<\/td>\n<td>Kl\u00e4m 1<\/td>\n<\/tr>\n<tr>\n<td>Kl\u00e4m<\/td>\n<td>Kl\u00e4m<\/td>\n<td>Kl\u00e4m 2<\/td>\n<td>Kl\u00e4m 2<\/td>\n<\/tr>\n<tr>\n<td>LAGF\u00d6RSLAG<\/td>\n<td>LAGF\u00d6RSLAG<\/td>\n<td>LAGF\u00d6RSLAG<\/td>\n<td>LAGF\u00d6RSLAG<\/td>\n<\/tr>\n<tr>\n<td><\/td>\n<td><\/td>\n<td>F\u00f6rdragstext<\/td>\n<td>F\u00f6rdragstext<\/td>\n<\/tr>\n<tr>\n<td>BILAGA\/BILAGOR<\/td>\n<td>BILAGA\/BILAGOR<\/td>\n<td>BILAGA\/BILAGOR<\/td>\n<td>BILAGA\/BILAGOR<\/td>\n<\/tr>\n<tr>\n<td>Parallelltext\/Parallelltexter<\/td>\n<td>Parallelltext\/Parallelltexter<\/td>\n<td><\/td>\n<td>Parallelltext\/Parallelltexter<\/td>\n<\/tr>\n<tr>\n<td>F\u00f6rordningsutkast<\/td>\n<td>F\u00f6rordningsutkast<\/td>\n<td><\/td>\n<td>F\u00f6rordningsutkast<\/td>\n<\/tr>\n<tr>\n<td>Andra bilagor<\/td>\n<td>Andra bilagor<\/td>\n<td><\/td>\n<td>Andra bilagor<\/td>\n<\/tr>\n<\/tbody>\n<\/table>\n<p><\/p>","protected":false},"excerpt":{"rendered":"Grundl\u00e4ggande struktur f\u00f6r en proposition EU-relaterad proposition F\u00f6rdragsproposition F\u00f6rdrags- och EU-relaterad proposition PROPOSITIONENS HUVUDSAKLIGA INNEH\u00c5LL PROPOSITIONENS HUVUDSAKLIGA INNEH\u00c5LL PROPOSITIONENS HUVUDSAKLIGA INNEH\u00c5LL PROPOSITIONENS HUVUDSAKLIGA INNEH\u00c5LL Inneh\u00e5ll Inneh\u00e5ll Inneh\u00e5ll Inneh\u00e5ll MOTIVERING MOTIVERING MOTIVERING MOTIVERING 1 Bakgrund och beredning 1 Bakgrund och beredning 1 Bakgrund och beredning 1 Bakgrund och beredning 1.1 Bakgrund 1.1 Bakgrund 1.1 Bakgrund 1.1 [&hellip;]\n","protected":false},"author":2,"featured_media":0,"parent":341,"menu_order":0,"comment_status":"closed","ping_status":"closed","template":"","meta":{"footnotes":""},"categories":[],"_links":{"self":[{"href":"https:\/\/helo.finlex.fi\/sv\/wp-json\/wp\/v2\/pages\/343"}],"collection":[{"href":"https:\/\/helo.finlex.fi\/sv\/wp-json\/wp\/v2\/pages"}],"about":[{"href":"https:\/\/helo.finlex.fi\/sv\/wp-json\/wp\/v2\/types\/page"}],"author":[{"embeddable":true,"href":"https:\/\/helo.finlex.fi\/sv\/wp-json\/wp\/v2\/users\/2"}],"replies":[{"embeddable":true,"href":"https:\/\/helo.finlex.fi\/sv\/wp-json\/wp\/v2\/comments?post=343"}],"version-history":[{"count":8,"href":"https:\/\/helo.finlex.fi\/sv\/wp-json\/wp\/v2\/pages\/343\/revisions"}],"predecessor-version":[{"id":479,"href":"https:\/\/helo.finlex.fi\/sv\/wp-json\/wp\/v2\/pages\/343\/revisions\/479"}],"up":[{"embeddable":true,"href":"https:\/\/helo.finlex.fi\/sv\/wp-json\/wp\/v2\/pages\/341"}],"wp:attachment":[{"href":"https:\/\/helo.finlex.fi\/sv\/wp-json\/wp\/v2\/media?parent=343"}],"wp:term":[{"taxonomy":"category","embeddable":true,"href":"https:\/\/helo.finlex.fi\/sv\/wp-json\/wp\/v2\/categories?post=343"}],"curies":[{"name":"wp","href":"https:\/\/api.w.org\/{rel}","templated":true}]}}