{"id":308,"date":"2019-03-14T15:08:21","date_gmt":"2019-03-14T13:08:21","guid":{"rendered":"http:\/\/helo.finlex.fi\/?page_id=308"},"modified":"2020-06-26T09:58:42","modified_gmt":"2020-06-26T06:58:42","slug":"4-taydentavan-hallituksen-esityksen-ponsi","status":"publish","type":"page","link":"https:\/\/helo.finlex.fi\/sv\/viii-taydentavan-hallituksen-esityksen-laatiminen\/4-taydentavan-hallituksen-esityksen-ponsi\/","title":{"rendered":"4 Kl\u00e4m i en kompletterande proposition"},"content":{"rendered":"<p>Kl\u00e4mmen i en kompletterande proposition uttrycker hur den ursprungliga propositionen f\u00f6resl\u00e5s bli kompletterad. Om det genom den kompletterande propositionen f\u00f6resl\u00e5s att ett nytt lagf\u00f6rslag ska tas in i den ursprungliga propositionen, skrivs kl\u00e4mmen som vanligt p\u00e5 f\u00f6ljande s\u00e4tt:<\/p>\n<blockquote><p><em>Med st\u00f6d av vad som anf\u00f6rts ovan f\u00f6rel\u00e4ggs riksdagen f\u00f6ljande lagf\u00f6rslag:<br \/>\n<\/em><\/p><\/blockquote>\n<p>Om det genom den kompletterande propositionen f\u00f6resl\u00e5s att ett lagf\u00f6rslag som ing\u00e5tt i den ursprungliga propositionen ska \u00e4ndras, skrivs kl\u00e4mmen enligt n\u00e5got av f\u00f6ljande exempel som l\u00e4mpar sig f\u00f6r situationen:<\/p>\n<blockquote><p><em>Med st\u00f6d av vad som anf\u00f6rts ovan f\u00f6resl\u00e5s det att riksdagen godk\u00e4nner lagf\u00f6rslag 1 i regeringens proposition med f\u00f6rslag till lagar om \u00e4ndring av lagen om skatt p\u00e5 arv och g\u00e5va samt av 47 \u00a7 i inkomstskattelagen (RP 175\/2016 rd), \u00e4ndrat p\u00e5 det s\u00e4tt som f\u00f6resl\u00e5s i denna kompletterande proposition.<br \/>\n<\/em><\/p>\n<p><em>Med st\u00f6d av vad som anf\u00f6rts ovan f\u00f6resl\u00e5s det att riksdagen godk\u00e4nner 74, 80, 113 och 114 \u00a7 i lagf\u00f6rslag 1 i regeringens proposition med f\u00f6rslag till tobakslag och till vissa lagar som har samband med den (RP 15\/2016 rd), \u00e4ndrade p\u00e5 det s\u00e4tt som f\u00f6resl\u00e5s i denna kompletterande proposition.<br \/>\n<\/em><\/p><\/blockquote>\n<p>Om det genom den kompletterande propositionen f\u00f6resl\u00e5s att ett lagf\u00f6rslag i den ursprungliga propositionen ska \u201dstrykas\u201d, framf\u00f6rs en beg\u00e4ran att riksdagen inte ska godk\u00e4nna lagf\u00f6rslaget, och kl\u00e4mmen skrivs enligt f\u00f6ljande exempel:<\/p>\n<blockquote><p><em>Med st\u00f6d av vad som anf\u00f6rts ovan f\u00f6resl\u00e5s det att riksdagen inte ska godk\u00e4nna lagf\u00f6rslag 34 i regeringens proposition med f\u00f6rslag till lagstiftning om inr\u00e4ttande av landskap och om en reform av ordnandet av social- och h\u00e4lsov\u00e5rden samt till l\u00e4mnande av underr\u00e4ttelse enligt artikel 12 och 13 i Europeiska stadgan om lokal sj\u00e4lvstyrelse (RP 15\/2017 rd).<br \/>\n<\/em><\/p><\/blockquote>\n<p>Kl\u00e4mmen i en kompletterande proposition om att \u00e4ndra ett lagf\u00f6rslag som ing\u00e5tt i den ursprungliga propositionen och om att foga ett nytt lagf\u00f6rslag till den ursprungliga propositionen skrivs enligt f\u00f6ljande exempel:<\/p>\n<blockquote><p><em>Med st\u00f6d av vad som anf\u00f6rts ovan f\u00f6resl\u00e5s det att riksdagen godk\u00e4nner 1 \u00a7 i lagf\u00f6rslag 2 samt 1, 4 och 15 \u00a7 i lagf\u00f6rslag 3 och 1 \u00a7 i lagf\u00f6rslag 4 i regeringens proposition med f\u00f6rslag till diskrimineringslag och vissa lagar som har samband med den (RP 19\/2014 rd), \u00e4ndrade p\u00e5 det s\u00e4tt som f\u00f6resl\u00e5s i denna kompletterande proposition samt f\u00f6rel\u00e4ggs riksdagen f\u00f6ljande nya lagf\u00f6rslag:<br \/>\n<\/em><\/p><\/blockquote>\n<p>Om det genom den kompletterande propositionen f\u00f6resl\u00e5s flera slags \u00e4ndringar i lagtexterna i den ursprungliga propositionen, skrivs de i f\u00f6ljande ordning:<\/p>\n<blockquote><p><em>&#8211; &#8211; f\u00f6resl\u00e5s det att riksdagen inte ska godk\u00e4nna &#8211; &#8211; och att riksdagen godk\u00e4nner &#8211; &#8211; , \u00e4ndrad\/\u00e4ndrat p\u00e5 det s\u00e4tt som f\u00f6resl\u00e5s i denna kompletterande proposition samt f\u00f6rel\u00e4ggs riksdagen f\u00f6ljande nya lagf\u00f6rslag:<br \/>\n<\/em><\/p><\/blockquote>\n<p><\/p>","protected":false},"excerpt":{"rendered":"Kl\u00e4mmen i en kompletterande proposition uttrycker hur den ursprungliga propositionen f\u00f6resl\u00e5s bli kompletterad. Om det genom den kompletterande propositionen f\u00f6resl\u00e5s att ett nytt lagf\u00f6rslag ska tas in i den ursprungliga propositionen, skrivs kl\u00e4mmen som vanligt p\u00e5 f\u00f6ljande s\u00e4tt: Med st\u00f6d av vad som anf\u00f6rts ovan f\u00f6rel\u00e4ggs riksdagen f\u00f6ljande lagf\u00f6rslag: Om det genom den kompletterande propositionen [&hellip;]\n","protected":false},"author":2,"featured_media":0,"parent":50,"menu_order":90,"comment_status":"closed","ping_status":"closed","template":"","meta":{"footnotes":""},"categories":[],"_links":{"self":[{"href":"https:\/\/helo.finlex.fi\/sv\/wp-json\/wp\/v2\/pages\/308"}],"collection":[{"href":"https:\/\/helo.finlex.fi\/sv\/wp-json\/wp\/v2\/pages"}],"about":[{"href":"https:\/\/helo.finlex.fi\/sv\/wp-json\/wp\/v2\/types\/page"}],"author":[{"embeddable":true,"href":"https:\/\/helo.finlex.fi\/sv\/wp-json\/wp\/v2\/users\/2"}],"replies":[{"embeddable":true,"href":"https:\/\/helo.finlex.fi\/sv\/wp-json\/wp\/v2\/comments?post=308"}],"version-history":[{"count":4,"href":"https:\/\/helo.finlex.fi\/sv\/wp-json\/wp\/v2\/pages\/308\/revisions"}],"predecessor-version":[{"id":744,"href":"https:\/\/helo.finlex.fi\/sv\/wp-json\/wp\/v2\/pages\/308\/revisions\/744"}],"up":[{"embeddable":true,"href":"https:\/\/helo.finlex.fi\/sv\/wp-json\/wp\/v2\/pages\/50"}],"wp:attachment":[{"href":"https:\/\/helo.finlex.fi\/sv\/wp-json\/wp\/v2\/media?parent=308"}],"wp:term":[{"taxonomy":"category","embeddable":true,"href":"https:\/\/helo.finlex.fi\/sv\/wp-json\/wp\/v2\/categories?post=308"}],"curies":[{"name":"wp","href":"https:\/\/api.w.org\/{rel}","templated":true}]}}