{"id":306,"date":"2019-03-14T15:06:39","date_gmt":"2019-03-14T13:06:39","guid":{"rendered":"http:\/\/helo.finlex.fi\/?page_id=306"},"modified":"2019-04-18T16:52:29","modified_gmt":"2019-04-18T13:52:29","slug":"3-lakiehdotusten-numerointi","status":"publish","type":"page","link":"https:\/\/helo.finlex.fi\/sv\/viii-taydentavan-hallituksen-esityksen-laatiminen\/3-lakiehdotusten-numerointi\/","title":{"rendered":"3 Numrering av lagf\u00f6rslagen"},"content":{"rendered":"<p>I en kompletterande proposition anv\u00e4nds samma nummer p\u00e5 lagf\u00f6rslagen som i den ursprungliga propositionen. Ett nytt lagf\u00f6rslag ges ett nytt ordningsnummer.<\/p>","protected":false},"excerpt":{"rendered":"I en kompletterande proposition anv\u00e4nds samma nummer p\u00e5 lagf\u00f6rslagen som i den ursprungliga propositionen. Ett nytt lagf\u00f6rslag ges ett nytt ordningsnummer.\n","protected":false},"author":2,"featured_media":0,"parent":50,"menu_order":80,"comment_status":"closed","ping_status":"closed","template":"","meta":{"footnotes":""},"categories":[],"_links":{"self":[{"href":"https:\/\/helo.finlex.fi\/sv\/wp-json\/wp\/v2\/pages\/306"}],"collection":[{"href":"https:\/\/helo.finlex.fi\/sv\/wp-json\/wp\/v2\/pages"}],"about":[{"href":"https:\/\/helo.finlex.fi\/sv\/wp-json\/wp\/v2\/types\/page"}],"author":[{"embeddable":true,"href":"https:\/\/helo.finlex.fi\/sv\/wp-json\/wp\/v2\/users\/2"}],"replies":[{"embeddable":true,"href":"https:\/\/helo.finlex.fi\/sv\/wp-json\/wp\/v2\/comments?post=306"}],"version-history":[{"count":2,"href":"https:\/\/helo.finlex.fi\/sv\/wp-json\/wp\/v2\/pages\/306\/revisions"}],"predecessor-version":[{"id":607,"href":"https:\/\/helo.finlex.fi\/sv\/wp-json\/wp\/v2\/pages\/306\/revisions\/607"}],"up":[{"embeddable":true,"href":"https:\/\/helo.finlex.fi\/sv\/wp-json\/wp\/v2\/pages\/50"}],"wp:attachment":[{"href":"https:\/\/helo.finlex.fi\/sv\/wp-json\/wp\/v2\/media?parent=306"}],"wp:term":[{"taxonomy":"category","embeddable":true,"href":"https:\/\/helo.finlex.fi\/sv\/wp-json\/wp\/v2\/categories?post=306"}],"curies":[{"name":"wp","href":"https:\/\/api.w.org\/{rel}","templated":true}]}}