{"id":304,"date":"2019-03-14T15:06:17","date_gmt":"2019-03-14T13:06:17","guid":{"rendered":"http:\/\/helo.finlex.fi\/?page_id=304"},"modified":"2019-04-18T16:52:11","modified_gmt":"2019-04-18T13:52:11","slug":"2-3-taydentaminen-ehdottamalla-lakiehdotuksen-hyvaksymatta-jattamista","status":"publish","type":"page","link":"https:\/\/helo.finlex.fi\/sv\/viii-taydentavan-hallituksen-esityksen-laatiminen\/2-3-taydentaminen-ehdottamalla-lakiehdotuksen-hyvaksymatta-jattamista\/","title":{"rendered":"2.3 Komplettering genom att f\u00f6resl\u00e5 att ett lagf\u00f6rslag inte ska godk\u00e4nnas"},"content":{"rendered":"<p>Om syftet med den kompletterande propositionen \u00e4r att \u201dstryka\u201d ett lagf\u00f6rslag i en proposition som \u00f6verl\u00e4mnats till riksdagen, f\u00f6resl\u00e5s det i kl\u00e4mmen att riksdagen inte ska godk\u00e4nna lagf\u00f6rslaget i fr\u00e5ga.<\/p>","protected":false},"excerpt":{"rendered":"Om syftet med den kompletterande propositionen \u00e4r att \u201dstryka\u201d ett lagf\u00f6rslag i en proposition som \u00f6verl\u00e4mnats till riksdagen, f\u00f6resl\u00e5s det i kl\u00e4mmen att riksdagen inte ska godk\u00e4nna lagf\u00f6rslaget i fr\u00e5ga.\n","protected":false},"author":2,"featured_media":0,"parent":50,"menu_order":70,"comment_status":"closed","ping_status":"closed","template":"","meta":{"footnotes":""},"categories":[],"_links":{"self":[{"href":"https:\/\/helo.finlex.fi\/sv\/wp-json\/wp\/v2\/pages\/304"}],"collection":[{"href":"https:\/\/helo.finlex.fi\/sv\/wp-json\/wp\/v2\/pages"}],"about":[{"href":"https:\/\/helo.finlex.fi\/sv\/wp-json\/wp\/v2\/types\/page"}],"author":[{"embeddable":true,"href":"https:\/\/helo.finlex.fi\/sv\/wp-json\/wp\/v2\/users\/2"}],"replies":[{"embeddable":true,"href":"https:\/\/helo.finlex.fi\/sv\/wp-json\/wp\/v2\/comments?post=304"}],"version-history":[{"count":2,"href":"https:\/\/helo.finlex.fi\/sv\/wp-json\/wp\/v2\/pages\/304\/revisions"}],"predecessor-version":[{"id":606,"href":"https:\/\/helo.finlex.fi\/sv\/wp-json\/wp\/v2\/pages\/304\/revisions\/606"}],"up":[{"embeddable":true,"href":"https:\/\/helo.finlex.fi\/sv\/wp-json\/wp\/v2\/pages\/50"}],"wp:attachment":[{"href":"https:\/\/helo.finlex.fi\/sv\/wp-json\/wp\/v2\/media?parent=304"}],"wp:term":[{"taxonomy":"category","embeddable":true,"href":"https:\/\/helo.finlex.fi\/sv\/wp-json\/wp\/v2\/categories?post=304"}],"curies":[{"name":"wp","href":"https:\/\/api.w.org\/{rel}","templated":true}]}}