{"id":302,"date":"2019-03-14T15:05:55","date_gmt":"2019-03-14T13:05:55","guid":{"rendered":"http:\/\/helo.finlex.fi\/?page_id=302"},"modified":"2019-04-18T16:51:46","modified_gmt":"2019-04-18T13:51:46","slug":"muutoslakiehdotuksen-taydentaminen","status":"publish","type":"page","link":"https:\/\/helo.finlex.fi\/sv\/viii-taydentavan-hallituksen-esityksen-laatiminen\/muutoslakiehdotuksen-taydentaminen\/","title":{"rendered":"Komplettering av ett f\u00f6rslag till \u00e4ndringslag"},"content":{"rendered":"<p>Om det genom en kompletterande proposition g\u00f6rs ingrepp i ett f\u00f6rslag till \u00e4ndringslag som ing\u00e5tt i den ursprungliga propositionen, skrivs ingressen i den lydelse den kommer att f\u00e5 i det slutliga lagf\u00f6rslaget. Detta g\u00e4ller oberoende av hur lagtexterna i den kompletterande propositionen byggs upp.<\/p>\n<p>Det \u00e4r \u00f6nskv\u00e4rt att ocks\u00e5 lagtexten tas in i propositionen i den lydelse texten kommer att f\u00e5 efter kompletteringen. F\u00f6r att \u00e5sk\u00e5dligg\u00f6ra den kompletterande propositionen skrivs det tv\u00e5 parallelltexter: i den ena g\u00f6rs en j\u00e4mf\u00f6relse med den g\u00e4llande lagen och i den andra en j\u00e4mf\u00f6relse med det lagf\u00f6rslag som ing\u00e5tt i den ursprungliga propositionen (\u201dUrsprungligt f\u00f6rslag\u201d).<\/p>","protected":false},"excerpt":{"rendered":"Om det genom en kompletterande proposition g\u00f6rs ingrepp i ett f\u00f6rslag till \u00e4ndringslag som ing\u00e5tt i den ursprungliga propositionen, skrivs ingressen i den lydelse den kommer att f\u00e5 i det slutliga lagf\u00f6rslaget. Detta g\u00e4ller oberoende av hur lagtexterna i den kompletterande propositionen byggs upp. Det \u00e4r \u00f6nskv\u00e4rt att ocks\u00e5 lagtexten tas in i propositionen i [&hellip;]\n","protected":false},"author":2,"featured_media":0,"parent":50,"menu_order":60,"comment_status":"closed","ping_status":"closed","template":"","meta":{"footnotes":""},"categories":[],"_links":{"self":[{"href":"https:\/\/helo.finlex.fi\/sv\/wp-json\/wp\/v2\/pages\/302"}],"collection":[{"href":"https:\/\/helo.finlex.fi\/sv\/wp-json\/wp\/v2\/pages"}],"about":[{"href":"https:\/\/helo.finlex.fi\/sv\/wp-json\/wp\/v2\/types\/page"}],"author":[{"embeddable":true,"href":"https:\/\/helo.finlex.fi\/sv\/wp-json\/wp\/v2\/users\/2"}],"replies":[{"embeddable":true,"href":"https:\/\/helo.finlex.fi\/sv\/wp-json\/wp\/v2\/comments?post=302"}],"version-history":[{"count":2,"href":"https:\/\/helo.finlex.fi\/sv\/wp-json\/wp\/v2\/pages\/302\/revisions"}],"predecessor-version":[{"id":605,"href":"https:\/\/helo.finlex.fi\/sv\/wp-json\/wp\/v2\/pages\/302\/revisions\/605"}],"up":[{"embeddable":true,"href":"https:\/\/helo.finlex.fi\/sv\/wp-json\/wp\/v2\/pages\/50"}],"wp:attachment":[{"href":"https:\/\/helo.finlex.fi\/sv\/wp-json\/wp\/v2\/media?parent=302"}],"wp:term":[{"taxonomy":"category","embeddable":true,"href":"https:\/\/helo.finlex.fi\/sv\/wp-json\/wp\/v2\/categories?post=302"}],"curies":[{"name":"wp","href":"https:\/\/api.w.org\/{rel}","templated":true}]}}