{"id":300,"date":"2019-03-14T15:05:31","date_gmt":"2019-03-14T13:05:31","guid":{"rendered":"http:\/\/helo.finlex.fi\/?page_id=300"},"modified":"2019-05-14T15:43:22","modified_gmt":"2019-05-14T12:43:22","slug":"uuden-lakiehdotuksen-taydentaminen","status":"publish","type":"page","link":"https:\/\/helo.finlex.fi\/sv\/viii-taydentavan-hallituksen-esityksen-laatiminen\/uuden-lakiehdotuksen-taydentaminen\/","title":{"rendered":"Komplettering av ett nytt lagf\u00f6rslag"},"content":{"rendered":"<p>Om propositionen f\u00f6resl\u00e5s bli kompletterad s\u00e5 att \u00e4ndringar f\u00f6resl\u00e5s i det f\u00f6rslag till helt ny lag som ing\u00e5tt i den ursprungliga propositionen, skrivs ingressen f\u00f6r lagen i den kompletterande propositionen helt enkelt som ingressen f\u00f6r en ny lag: \u201dI enlighet med riksdagens beslut f\u00f6reskrivs:\u201d<\/p>\n<p>I detta fall tas antingen den helt nya lagtexten eller lagtexten till den del den f\u00f6resl\u00e5s bli \u00e4ndrad in som lagtext. Valet beror p\u00e5 antalet \u00e4ndringar i f\u00f6rh\u00e5llande till det lagf\u00f6rslag som ing\u00e5tt i den ursprungliga propositionen. Mindre \u00e4ndringar i en vittomfattande lagtext kan ibland markeras genom att endast de best\u00e4mmelser som ska \u00e4ndras bildar lagtexten, men om \u00e4ndringarna h\u00e4nf\u00f6r sig till stora delar av lagtexten finns det anledning att upprepa hela lagtexten i den kompletterande propositionen.<\/p>\n<p>Om det f\u00f6resl\u00e5s helt nya paragrafer i lagtexten, tas de in som s\u00e5 kallade a-paragrafer f\u00f6r att visa deras r\u00e4tta placering. Detsamma g\u00e4ller om det f\u00f6resl\u00e5s att hela paragrafer ska strykas. D\u00e5 numreras de efterf\u00f6ljande paragraferna inte p\u00e5 nytt. I vartdera fallet sk\u00f6ter riksdagen paragrafernas slutliga numrering.<\/p>\n<p>De \u00e4ndringar som gjorts i den ursprungliga propositionen \u00e5sk\u00e5dligg\u00f6rs med parallelltexter. I v\u00e4nstra spalten i parallelltexten ers\u00e4tts \u201dG\u00e4llande lydelse \u201d med lagtexten i det f\u00f6rslag som ing\u00e5tt i den ursprungliga propositionen, dvs. med \u201dUrsprungligt f\u00f6rslag\u201d till den del det \u00e4ndras eller i sin helhet.<\/p>","protected":false},"excerpt":{"rendered":"Om propositionen f\u00f6resl\u00e5s bli kompletterad s\u00e5 att \u00e4ndringar f\u00f6resl\u00e5s i det f\u00f6rslag till helt ny lag som ing\u00e5tt i den ursprungliga propositionen, skrivs ingressen f\u00f6r lagen i den kompletterande propositionen helt enkelt som ingressen f\u00f6r en ny lag: \u201dI enlighet med riksdagens beslut f\u00f6reskrivs:\u201d I detta fall tas antingen den helt nya lagtexten eller lagtexten [&hellip;]\n","protected":false},"author":2,"featured_media":0,"parent":50,"menu_order":50,"comment_status":"closed","ping_status":"closed","template":"","meta":{"footnotes":""},"categories":[],"_links":{"self":[{"href":"https:\/\/helo.finlex.fi\/sv\/wp-json\/wp\/v2\/pages\/300"}],"collection":[{"href":"https:\/\/helo.finlex.fi\/sv\/wp-json\/wp\/v2\/pages"}],"about":[{"href":"https:\/\/helo.finlex.fi\/sv\/wp-json\/wp\/v2\/types\/page"}],"author":[{"embeddable":true,"href":"https:\/\/helo.finlex.fi\/sv\/wp-json\/wp\/v2\/users\/2"}],"replies":[{"embeddable":true,"href":"https:\/\/helo.finlex.fi\/sv\/wp-json\/wp\/v2\/comments?post=300"}],"version-history":[{"count":3,"href":"https:\/\/helo.finlex.fi\/sv\/wp-json\/wp\/v2\/pages\/300\/revisions"}],"predecessor-version":[{"id":657,"href":"https:\/\/helo.finlex.fi\/sv\/wp-json\/wp\/v2\/pages\/300\/revisions\/657"}],"up":[{"embeddable":true,"href":"https:\/\/helo.finlex.fi\/sv\/wp-json\/wp\/v2\/pages\/50"}],"wp:attachment":[{"href":"https:\/\/helo.finlex.fi\/sv\/wp-json\/wp\/v2\/media?parent=300"}],"wp:term":[{"taxonomy":"category","embeddable":true,"href":"https:\/\/helo.finlex.fi\/sv\/wp-json\/wp\/v2\/categories?post=300"}],"curies":[{"name":"wp","href":"https:\/\/api.w.org\/{rel}","templated":true}]}}