{"id":294,"date":"2019-03-14T15:03:51","date_gmt":"2019-03-14T13:03:51","guid":{"rendered":"http:\/\/helo.finlex.fi\/?page_id=294"},"modified":"2019-04-18T16:49:21","modified_gmt":"2019-04-18T13:49:21","slug":"2-taydentavan-hallituksen-esityksen-lakitekstit-ja-rinnakkaistekstit","status":"publish","type":"page","link":"https:\/\/helo.finlex.fi\/sv\/viii-taydentavan-hallituksen-esityksen-laatiminen\/2-taydentavan-hallituksen-esityksen-lakitekstit-ja-rinnakkaistekstit\/","title":{"rendered":"2 Lagtexter och parallelltexter i en kompletterande proposition"},"content":{"rendered":"<p>En komplettering av en proposition kan inneh\u00e5llsm\u00e4ssigt vara ett f\u00f6rslag om att<\/p>\n<ul>\n<li>foga ett nytt lagf\u00f6rslag till den ursprungliga propositionen,<\/li>\n<li>\u00e4ndra det lagf\u00f6rslag som ing\u00e5tt i den ursprungliga propositionen,<\/li>\n<li>l\u00e5ta bli att godk\u00e4nna ett lagf\u00f6rslag som ing\u00e5tt i den ursprungliga propositionen eller<\/li>\n<li>en kombination av tv\u00e5 eller tre av de ovann\u00e4mnda.<\/li>\n<\/ul>\n<p><\/p>","protected":false},"excerpt":{"rendered":"En komplettering av en proposition kan inneh\u00e5llsm\u00e4ssigt vara ett f\u00f6rslag om att foga ett nytt lagf\u00f6rslag till den ursprungliga propositionen, \u00e4ndra det lagf\u00f6rslag som ing\u00e5tt i den ursprungliga propositionen, l\u00e5ta bli att godk\u00e4nna ett lagf\u00f6rslag som ing\u00e5tt i den ursprungliga propositionen eller en kombination av tv\u00e5 eller tre av de ovann\u00e4mnda.\n","protected":false},"author":2,"featured_media":0,"parent":50,"menu_order":20,"comment_status":"closed","ping_status":"closed","template":"","meta":{"footnotes":""},"categories":[],"_links":{"self":[{"href":"https:\/\/helo.finlex.fi\/sv\/wp-json\/wp\/v2\/pages\/294"}],"collection":[{"href":"https:\/\/helo.finlex.fi\/sv\/wp-json\/wp\/v2\/pages"}],"about":[{"href":"https:\/\/helo.finlex.fi\/sv\/wp-json\/wp\/v2\/types\/page"}],"author":[{"embeddable":true,"href":"https:\/\/helo.finlex.fi\/sv\/wp-json\/wp\/v2\/users\/2"}],"replies":[{"embeddable":true,"href":"https:\/\/helo.finlex.fi\/sv\/wp-json\/wp\/v2\/comments?post=294"}],"version-history":[{"count":2,"href":"https:\/\/helo.finlex.fi\/sv\/wp-json\/wp\/v2\/pages\/294\/revisions"}],"predecessor-version":[{"id":601,"href":"https:\/\/helo.finlex.fi\/sv\/wp-json\/wp\/v2\/pages\/294\/revisions\/601"}],"up":[{"embeddable":true,"href":"https:\/\/helo.finlex.fi\/sv\/wp-json\/wp\/v2\/pages\/50"}],"wp:attachment":[{"href":"https:\/\/helo.finlex.fi\/sv\/wp-json\/wp\/v2\/media?parent=294"}],"wp:term":[{"taxonomy":"category","embeddable":true,"href":"https:\/\/helo.finlex.fi\/sv\/wp-json\/wp\/v2\/categories?post=294"}],"curies":[{"name":"wp","href":"https:\/\/api.w.org\/{rel}","templated":true}]}}