{"id":292,"date":"2019-03-14T15:02:45","date_gmt":"2019-03-14T13:02:45","guid":{"rendered":"http:\/\/helo.finlex.fi\/?page_id=292"},"modified":"2019-10-15T12:28:40","modified_gmt":"2019-10-15T09:28:40","slug":"taydentavan-hallituksen-esityksen-vahimmaissisalto","status":"publish","type":"page","link":"https:\/\/helo.finlex.fi\/sv\/viii-taydentavan-hallituksen-esityksen-laatiminen\/taydentavan-hallituksen-esityksen-vahimmaissisalto\/","title":{"rendered":"Minimiinneh\u00e5ll i en kompletterande proposition"},"content":{"rendered":"<p><\/p>\n<ol class=\"list-unnumbered\">\n<li>PROPOSITIONENS HUVUDSAKLIGA INNEH\u00c5LL<\/li>\n<li>MOTIVERING\n<ol class=\"list-unnumbered\">\n<li>1 Bakgrund och beredning\n<ol class=\"list-unnumbered\">\n<li>1.1 Bakgrund<\/li>\n<li>1.2 Beredning<\/li>\n<\/ol>\n<\/li>\n<li>2 De viktigaste f\u00f6rslagen<\/li>\n<li>3 Ikrafttr\u00e4dande<\/li>\n<li>4 F\u00f6rh\u00e5llande till den ursprungliga propositionen<\/li>\n<li>Kl\u00e4m<\/li>\n<\/ol>\n<\/li>\n<li>LAGF\u00d6RSLAG<\/li>\n<li>BILAGA\/BILAGOR<\/li>\n<li>Parallelltext\/Parallelltexter<\/li>\n<\/ol>\n<p>Rubriken p\u00e5 en kompletterande proposition skrivs p\u00e5 f\u00f6ljande s\u00e4tt i enlighet med den ursprungliga propositionens rubrik:<\/p>\n<blockquote><p><em>Regeringens proposition till riksdagen med f\u00f6rslag till komplettering av regeringens proposition med f\u00f6rslag till lag om enskilda v\u00e4gar och till lagar som har samband med den (RP 147\/2017 rd)<br \/>\n<\/em><\/p><\/blockquote>\n<p>Som <em>bakgrund<\/em> till en kompletterande proposition n\u00e4mns den proposition som f\u00f6resl\u00e5s bli kompletterad. Vidare s\u00e4gs kort vad som lett till beredningen av den kompletterande propositionen.<\/p>\n<p>I avsnittet om <em>beredning<\/em> redog\u00f6rs f\u00f6r beredningen av den kompletterande propositionen och det material som uppkommit vid beredningen. I propositionen ska det tas in en l\u00e4nk till statsr\u00e5dets eller ministeriets offentliga webbplats d\u00e4r det via Projektportalen finns l\u00e4nkar till de dokument som uppst\u00e5tt vid beredningen av den kompletterande propositionen.<\/p>\n<p>N\u00e5got avsnitt om <em>nul\u00e4ge och bed\u00f6mning av nul\u00e4get<\/em> beh\u00f6vs i allm\u00e4nhet inte i en kompletterande proposition, eftersom nul\u00e4get har beskrivits och bed\u00f6mts redan i den proposition som ska kompletteras. Detsamma g\u00e4ller <em>m\u00e5ls\u00e4ttning<\/em>.<\/p>\n<p>\u00c4ven om de kompletteringar som f\u00f6resl\u00e5s i propositionen endast \u00e4r av teknisk natur, ska det i en kompletterande proposition alltid skrivas vilka <em>de viktigaste f\u00f6rslagen<\/em> \u00e4r. Sj\u00e4lvst\u00e4ndiga <em>konsekvenser<\/em> har en s\u00e5dan proposition d\u00e4remot vanligen inte. \u00c4ven avsnittet om <em>alternativa handlingsv\u00e4gar<\/em> skrivs endast vid behov.<\/p>\n<p>Ett avsnitt om <em>remissvar<\/em> skrivs in, om det har ordnats h\u00f6rande i samband med den kompletterande propositionen.<\/p>\n<p><em>Specialmotiveringen<\/em> till en kompletterande proposition skrivs som ett eget avsnitt. Den kan presenteras i samband med de viktigaste f\u00f6rslagen, om propositionens sakinneh\u00e5ll \u00e4r begr\u00e4nsat. Om det i propositionen t.ex. endast f\u00f6resl\u00e5s en \u00e4ndring av ett och samma ord i flera best\u00e4mmelser i texten, r\u00e4cker det att redog\u00f6ra f\u00f6r \u00e4ndringen bland de viktigaste f\u00f6rslagen och specificera de best\u00e4mmelser som f\u00f6resl\u00e5s bli \u00e4ndrade.<\/p>\n<p>Till vilken del regleringshelheten f\u00f6resl\u00e5s bli kompletterad med<em> best\u00e4mmelser p\u00e5 l\u00e4gre niv\u00e5 \u00e4n lag<\/em> skrivs in i den kompletterande propositionen endast om propositionen inneh\u00e5ller ett f\u00f6rslag till bemyndigande som inte fanns i den ursprungliga propositionen.<\/p>\n<p>\u00c4ven om de lagar som ing\u00e5r i en kompletterande proposition i allm\u00e4nhet f\u00f6resl\u00e5s tr\u00e4da i kraft samtidigt som de lagar som f\u00f6reslagits i den ursprungliga propositionen, ska ett avsnitt om <em>ikrafttr\u00e4dande<\/em> alltid tas in ocks\u00e5 i den kompletterande propositionen och ikrafttr\u00e4dandetidpunkten anges ocks\u00e5 d\u00e4r.<\/p>\n<p>Avsnittet <em>Verkst\u00e4llighet och uppf\u00f6ljning<\/em> skrivs in i en kompletterande proposition endast om den inneh\u00e5ller n\u00e5got om verkst\u00e4llighet eller uppf\u00f6ljning som inte har presenterats i den ursprungliga propositionen.<\/p>\n<p>En kompletterande proposition ska alltid ha ett avsnitt om <em>den kompletterande propositionens f\u00f6rh\u00e5llande till den ursprungliga propositionen<\/em>. I avsnittet specificeras de best\u00e4mmelser som den kompletterande propositionen p\u00e5verkar. I avsnittet upprepas inte s\u00e5dant som framg\u00e5r av de viktigaste f\u00f6rslagen.<\/p>\n<p>Om den kompletterande propositionen f\u00f6r med sig en koppling till n\u00e5gon annan proposition \u00e4n den som ska kompletteras, ska detta anges och det avsnitt som g\u00e4ller saken ges rubriken <em>Samband med andra propositioner<\/em>. Avsnittet <em>F\u00f6rh\u00e5llande till budgetpropositionen<\/em> skrivs endast om den ursprungliga propositionen inte h\u00e4nf\u00f6r sig till budgetpropositionen eller till\u00e4ggsbudgetpropositionen, men den kompletterande propositionen g\u00f6r det.<\/p>\n<p>Avsnittet <em>F\u00f6rh\u00e5llande till grundlagen samt lagstiftningsordning<\/em> ska skrivas in i den kompletterande propositionen, om det i det lagf\u00f6rslag som ing\u00e5r i den finns en eller flera best\u00e4mmelser vars grundlagsenlighet beh\u00f6ver bed\u00f6mas.<\/p>","protected":false},"excerpt":{"rendered":"PROPOSITIONENS HUVUDSAKLIGA INNEH\u00c5LL MOTIVERING 1 Bakgrund och beredning 1.1 Bakgrund 1.2 Beredning 2 De viktigaste f\u00f6rslagen 3 Ikrafttr\u00e4dande 4 F\u00f6rh\u00e5llande till den ursprungliga propositionen Kl\u00e4m LAGF\u00d6RSLAG BILAGA\/BILAGOR Parallelltext\/Parallelltexter Rubriken p\u00e5 en kompletterande proposition skrivs p\u00e5 f\u00f6ljande s\u00e4tt i enlighet med den ursprungliga propositionens rubrik: Regeringens proposition till riksdagen med f\u00f6rslag till komplettering av regeringens proposition [&hellip;]\n","protected":false},"author":2,"featured_media":0,"parent":50,"menu_order":10,"comment_status":"closed","ping_status":"closed","template":"","meta":{"footnotes":""},"categories":[],"_links":{"self":[{"href":"https:\/\/helo.finlex.fi\/sv\/wp-json\/wp\/v2\/pages\/292"}],"collection":[{"href":"https:\/\/helo.finlex.fi\/sv\/wp-json\/wp\/v2\/pages"}],"about":[{"href":"https:\/\/helo.finlex.fi\/sv\/wp-json\/wp\/v2\/types\/page"}],"author":[{"embeddable":true,"href":"https:\/\/helo.finlex.fi\/sv\/wp-json\/wp\/v2\/users\/2"}],"replies":[{"embeddable":true,"href":"https:\/\/helo.finlex.fi\/sv\/wp-json\/wp\/v2\/comments?post=292"}],"version-history":[{"count":10,"href":"https:\/\/helo.finlex.fi\/sv\/wp-json\/wp\/v2\/pages\/292\/revisions"}],"predecessor-version":[{"id":721,"href":"https:\/\/helo.finlex.fi\/sv\/wp-json\/wp\/v2\/pages\/292\/revisions\/721"}],"up":[{"embeddable":true,"href":"https:\/\/helo.finlex.fi\/sv\/wp-json\/wp\/v2\/pages\/50"}],"wp:attachment":[{"href":"https:\/\/helo.finlex.fi\/sv\/wp-json\/wp\/v2\/media?parent=292"}],"wp:term":[{"taxonomy":"category","embeddable":true,"href":"https:\/\/helo.finlex.fi\/sv\/wp-json\/wp\/v2\/categories?post=292"}],"curies":[{"name":"wp","href":"https:\/\/api.w.org\/{rel}","templated":true}]}}