{"id":290,"date":"2019-03-14T14:51:32","date_gmt":"2019-03-14T12:51:32","guid":{"rendered":"http:\/\/helo.finlex.fi\/?page_id=290"},"modified":"2019-05-14T15:30:11","modified_gmt":"2019-05-14T12:30:11","slug":"1-yleista","status":"publish","type":"page","link":"https:\/\/helo.finlex.fi\/sv\/viii-taydentavan-hallituksen-esityksen-laatiminen\/1-yleista\/","title":{"rendered":"1 Allm\u00e4nt"},"content":{"rendered":"<p>I en kompletterande proposition ska de bakomliggande orsakerna till den anges. D\u00e4r ber\u00e4ttas hur den har beretts, vilka kompletteringar som g\u00f6rs j\u00e4mf\u00f6rt med den ursprungliga propositionen, hur den inverkar p\u00e5 redan gjorda konsekvensbed\u00f6mningar och hur den eventuellt inverkar p\u00e5 lagstiftningsordningen. S\u00e5dant som redan tagits upp i den ursprungliga propositionen upprepas inte. Den kompletterande propositionen ska utarbetas med utg\u00e5ngspunkt i att riksdagen som grund f\u00f6r behandlingen f\u00e5r en helhet best\u00e5ende av den ursprungliga propositionen och den kompletterande propositionen.<\/p>","protected":false},"excerpt":{"rendered":"I en kompletterande proposition ska de bakomliggande orsakerna till den anges. D\u00e4r ber\u00e4ttas hur den har beretts, vilka kompletteringar som g\u00f6rs j\u00e4mf\u00f6rt med den ursprungliga propositionen, hur den inverkar p\u00e5 redan gjorda konsekvensbed\u00f6mningar och hur den eventuellt inverkar p\u00e5 lagstiftningsordningen. S\u00e5dant som redan tagits upp i den ursprungliga propositionen upprepas inte. Den kompletterande propositionen ska [&hellip;]\n","protected":false},"author":2,"featured_media":0,"parent":50,"menu_order":0,"comment_status":"closed","ping_status":"closed","template":"","meta":{"footnotes":""},"categories":[],"_links":{"self":[{"href":"https:\/\/helo.finlex.fi\/sv\/wp-json\/wp\/v2\/pages\/290"}],"collection":[{"href":"https:\/\/helo.finlex.fi\/sv\/wp-json\/wp\/v2\/pages"}],"about":[{"href":"https:\/\/helo.finlex.fi\/sv\/wp-json\/wp\/v2\/types\/page"}],"author":[{"embeddable":true,"href":"https:\/\/helo.finlex.fi\/sv\/wp-json\/wp\/v2\/users\/2"}],"replies":[{"embeddable":true,"href":"https:\/\/helo.finlex.fi\/sv\/wp-json\/wp\/v2\/comments?post=290"}],"version-history":[{"count":3,"href":"https:\/\/helo.finlex.fi\/sv\/wp-json\/wp\/v2\/pages\/290\/revisions"}],"predecessor-version":[{"id":655,"href":"https:\/\/helo.finlex.fi\/sv\/wp-json\/wp\/v2\/pages\/290\/revisions\/655"}],"up":[{"embeddable":true,"href":"https:\/\/helo.finlex.fi\/sv\/wp-json\/wp\/v2\/pages\/50"}],"wp:attachment":[{"href":"https:\/\/helo.finlex.fi\/sv\/wp-json\/wp\/v2\/media?parent=290"}],"wp:term":[{"taxonomy":"category","embeddable":true,"href":"https:\/\/helo.finlex.fi\/sv\/wp-json\/wp\/v2\/categories?post=290"}],"curies":[{"name":"wp","href":"https:\/\/api.w.org\/{rel}","templated":true}]}}