{"id":29,"date":"2019-03-13T14:58:54","date_gmt":"2019-03-13T12:58:54","guid":{"rendered":"http:\/\/helo.finlex.fi\/?page_id=29"},"modified":"2026-02-13T11:52:42","modified_gmt":"2026-02-13T09:52:42","slug":"lainvalmistelun-oppaat","status":"publish","type":"page","link":"https:\/\/helo.finlex.fi\/sv\/i-lainvalmistelun-oppaat\/lainvalmistelun-oppaat\/","title":{"rendered":"Handb\u00f6cker i lagberedning"},"content":{"rendered":"<p>Handboken Anvisningar f\u00f6r utarbetande av regeringspropositioner tar upp propositioners struktur, det inb\u00f6rdes f\u00f6rh\u00e5llandet mellan de olika delarna av motiveringen i propositioner och framf\u00f6r allt vad som ska skrivas i propositionerna. I andra handb\u00f6cker ges anvisningar f\u00f6r processen vid lagberedningsprojekt samt f\u00f6r utarbetande av lagtexter och vilka f\u00f6rfaranden som ska iakttas vid beredningen av dem.<\/p>\n<p>De olika faserna i lagberedningen allt fr\u00e5n initiativ till beredning och vidare till verkst\u00e4llighet och uppf\u00f6ljning av en stadf\u00e4st lag som tr\u00e4tt i kraft behandlas i <a title=\"Lainvalmistelun prosessiopas\" class=\"external finlex\" href=\"http:\/\/lainvalmistelu.finlex.fi\/sv\/\" target=\"_blank\">Processhandbok f\u00f6r lagberedningen<\/a>. Den \u00e4r ett anv\u00e4ndbart redskap vid planeringen och f\u00f6rdelningen av resurser till ett lagberedningsprojekt och vid avs\u00e4ttande av tillr\u00e4cklig beredningstid. Den inneh\u00e5ller dessutom h\u00e4nvisningar till de handb\u00f6cker som styr respektive beredningsfas. Vad som ska skrivas om lagberedningens g\u00e5ng i en proposition tas upp i Anvisningar f\u00f6r utarbetande av regeringspropositioner.<\/p>\n<p>Vid lagberedningen inh\u00e4mtas \u00e5sikter, kunskaper och erfarenheter fr\u00e5n olika ber\u00f6rda parter i fr\u00e5ga om det \u00e4rende som \u00e4r under beredning. Det sker genom olika slags h\u00f6randen. Handboken <a href=\"https:\/\/valtioneuvosto.fi\/lainvalmistelun-kuulemisopas#\/\">H\u00f6rande vid f\u00f6rfattningsberedning<\/a> tar upp hur h\u00f6randen planeras och genomf\u00f6rs samt hur yttranden behandlas medan det i Anvisningar f\u00f6r utarbetande av regeringspropositioner ber\u00e4ttas vad som ska skrivas in i propositioner n\u00e4r det g\u00e4ller h\u00f6randen och det som kommit fram vid dem.<\/p>\n<p>Syftet med konsekvensbed\u00f6mningen \u00e4r att f\u00f6r lagberedarna, beslutsfattarna och ber\u00f6rda parter ta fram kunskap om konsekvenserna av den lagstiftning som \u00e4r under planering, konsekvensernas betydelse och m\u00f6jligheterna att lindra eventuella skadliga konsekvenser. Konsekvenserna bed\u00f6ms enligt de anvisningar som utf\u00e4rdats f\u00f6r konsekvensbed\u00f6mning av lagf\u00f6rslag (se <a title=\"S\u00e4\u00e4d\u00f6sehdotusten vaikutusten arviointi, Ohjeet\" class=\"external\" href=\"https:\/\/oikeusministerio.fi\/sv\/konsekvensbedomning-av-forslag-till-lagar-och-andra-forfattningar\" target=\"_blank\">Konsekvensbed\u00f6mning av lagf\u00f6rslag<\/a>), men de viktigaste resultaten av konsekvensbed\u00f6mningarna skrivs in i propositionerna enligt de r\u00e5d som ges i Anvisningar f\u00f6r utarbetande av regeringspropositioner.<\/p>\n<p><a title=\"Lainkirjoittajan opas\" class=\"external finlex\" href=\"http:\/\/lainkirjoittaja.finlex.fi\/\" target=\"_blank\">Lainkirjoittajan opas<\/a> (Lagberedarens handbok, p\u00e5 finska) inneh\u00e5ller en allm\u00e4n beskrivning av den juridiska milj\u00f6 d\u00e4r lagberedaren m\u00e5ste g\u00f6ra sitt tankearbete och som lagberedaren m\u00e5ste k\u00e4nna till och beakta vid utarbetande av lagar och f\u00f6rfattningar p\u00e5 l\u00e4gre niv\u00e5, samt anvisningar f\u00f6r hur lagtexter skrivs.<\/p>\n<p>En mer ing\u00e5ende behandling av hur EU-r\u00e4tten ska beaktas i den nationella lagstiftningen \u00e4n i Lainkirjoittajan opas finns i <a title=\"Lainlaatijan EU-opas\" class=\"external finlex\" href=\"http:\/\/eu-opas.finlex.fi\/\" target=\"_blank\">Lainlaatijan EU-opas<\/a> (Lagberedarens EU-handbok, p\u00e5 finska). I <a title=\"Valtiosopimusopas\" class=\"external\" href=\"https:\/\/um.fi\/julkaisut\/-\/asset_publisher\/TVOLgBmLyZvu\/content\/valtiosopimusopas-2017\" target=\"_blank\">Valtiosopimusopas<\/a> (F\u00f6rdragshandboken, p\u00e5 finska men med bilagor p\u00e5 svenska) finns anvisningar f\u00f6r hur f\u00f6rdrag, \u00e4ven EU:s externa avtal, ska beredas och s\u00e4ttas i kraft samt om \u00c5lands st\u00e4llning vid beredningen av f\u00f6rdrag. En redog\u00f6relse f\u00f6r landskapet \u00c5lands st\u00e4llning i den nationella lagberedningen, i EU-\u00e4renden och vid beredningen av internationella f\u00f6rdrag finns i handboken <a title=\"Ahvenanmaan asema s\u00e4\u00e4d\u00f6svalmistelussa ja EU-asioissa\" class=\"external\" href=\"http:\/\/julkaisut.valtioneuvosto.fi\/handle\/10024\/76351\" target=\"_blank\">\u00c5lands st\u00e4llning i lagberedningen och i EU-\u00e4renden<\/a> samt i Valtiosopimusopas.<\/p>\n<p>Anvisningar f\u00f6r hur en proposition f\u00f6rs till statsr\u00e5dets allm\u00e4nna sammantr\u00e4de f\u00f6r behandling och avg\u00f6rande finns i <a title=\"Valtioneuvoston esittelij\u00e4n k\u00e4sikirja\" class=\"external\" href=\"http:\/\/julkaisut.valtioneuvosto.fi\/handle\/10024\/79183\" target=\"_blank\">Valtioneuvoston esittelij\u00e4n k\u00e4sikirja<\/a> (Handbok f\u00f6r f\u00f6redragande i statsr\u00e5det, p\u00e5 finska).<\/p>","protected":false},"excerpt":{"rendered":"Handboken Anvisningar f\u00f6r utarbetande av regeringspropositioner tar upp propositioners struktur, det inb\u00f6rdes f\u00f6rh\u00e5llandet mellan de olika delarna av motiveringen i propositioner och framf\u00f6r allt vad som ska skrivas i propositionerna. I andra handb\u00f6cker ges anvisningar f\u00f6r processen vid lagberedningsprojekt samt f\u00f6r utarbetande av lagtexter och vilka f\u00f6rfaranden som ska iakttas vid beredningen av dem. De [&hellip;]\n","protected":false},"author":2,"featured_media":0,"parent":25,"menu_order":0,"comment_status":"closed","ping_status":"closed","template":"","meta":{"footnotes":""},"categories":[],"_links":{"self":[{"href":"https:\/\/helo.finlex.fi\/sv\/wp-json\/wp\/v2\/pages\/29"}],"collection":[{"href":"https:\/\/helo.finlex.fi\/sv\/wp-json\/wp\/v2\/pages"}],"about":[{"href":"https:\/\/helo.finlex.fi\/sv\/wp-json\/wp\/v2\/types\/page"}],"author":[{"embeddable":true,"href":"https:\/\/helo.finlex.fi\/sv\/wp-json\/wp\/v2\/users\/2"}],"replies":[{"embeddable":true,"href":"https:\/\/helo.finlex.fi\/sv\/wp-json\/wp\/v2\/comments?post=29"}],"version-history":[{"count":12,"href":"https:\/\/helo.finlex.fi\/sv\/wp-json\/wp\/v2\/pages\/29\/revisions"}],"predecessor-version":[{"id":814,"href":"https:\/\/helo.finlex.fi\/sv\/wp-json\/wp\/v2\/pages\/29\/revisions\/814"}],"up":[{"embeddable":true,"href":"https:\/\/helo.finlex.fi\/sv\/wp-json\/wp\/v2\/pages\/25"}],"wp:attachment":[{"href":"https:\/\/helo.finlex.fi\/sv\/wp-json\/wp\/v2\/media?parent=29"}],"wp:term":[{"taxonomy":"category","embeddable":true,"href":"https:\/\/helo.finlex.fi\/sv\/wp-json\/wp\/v2\/categories?post=29"}],"curies":[{"name":"wp","href":"https:\/\/api.w.org\/{rel}","templated":true}]}}