{"id":288,"date":"2019-03-14T14:50:10","date_gmt":"2019-03-14T12:50:10","guid":{"rendered":"http:\/\/helo.finlex.fi\/?page_id=288"},"modified":"2019-08-28T10:21:39","modified_gmt":"2019-08-28T07:21:39","slug":"yleista","status":"publish","type":"page","link":"https:\/\/helo.finlex.fi\/sv\/vii-monitaustainen-hallituksen-esitys\/yleista\/","title":{"rendered":"Allm\u00e4nt"},"content":{"rendered":"<p>En proposition som utarbetas b\u00e5de f\u00f6r att godk\u00e4nna och f\u00f6r att s\u00e4tta ikraft ett statsf\u00f6rdrag och f\u00f6r att genomf\u00f6ra eller komplettera en EU-r\u00e4ttsakt kallas h\u00e4r, enligt vad som konstateras i b\u00f6rjan av handboken, <em>f\u00f6rdrags- och EU-relaterad proposition<\/em>. En s\u00e5dan proposition kan ocks\u00e5 inneh\u00e5lla lagstiftning som f\u00f6resl\u00e5s av nationella orsaker.<\/p>\n<p>N\u00e4r en f\u00f6rdrags- och EU-relaterad proposition utarbetas kan antingen statsf\u00f6rdraget eller EU-r\u00e4ttsakten vara det viktigaste. Standardrubrikerna f\u00f6r en s\u00e5dan proposition \u00e4r d\u00e4rf\u00f6r avsedda att modifieras enligt propositionens karakt\u00e4r, men \u00e4ven enligt dess omfattning. Till st\u00f6d f\u00f6r modifieringen anv\u00e4nds anvisningarna f\u00f6r en proposition med grundl\u00e4ggande struktur, en EU-relaterad proposition och en f\u00f6rdragsproposition. Utg\u00e5ende fr\u00e5n dem v\u00e4ljs den l\u00e4mpligaste rubriken och den l\u00e4mpligaste strukturen f\u00f6r propositionen. Vad som ska skrivas i de olika avsnitten best\u00e4ms utifr\u00e5n respektive anvisningar och de skrivanvisningar som ges h\u00e4r. Vid planering av l\u00e4mplig struktur g\u00e4ller det att minnas att varje fr\u00e5ga ska behandlas endast en g\u00e5ng i propositionen. Vid behov kan det h\u00e4nvisas till andra delar i propositionen.<\/p>\n<p>Avsnittet om beredning ska inneh\u00e5lla uppgifter om beredningen av propositionen men ocks\u00e5 om beredningen av f\u00f6rdraget och EU-r\u00e4ttsakten.<\/p>\n<p>N\u00e5got avsnitt om m\u00e5ls\u00e4ttning skrivs inte, om inte propositionen har andra m\u00e5l \u00e4n att godk\u00e4nna och s\u00e4tta ikraft f\u00f6rdraget samt att genomf\u00f6ra eller komplettera EU-r\u00e4ttsakten.<\/p>\n<p>I en f\u00f6rdrags- och EU-relaterad proposition behandlas det faktum att f\u00f6rdragsbest\u00e4mmelserna h\u00f6r till omr\u00e5det f\u00f6r lagstiftningen, dvs. att riksdagens samtycke beh\u00f6vs, och redog\u00f6rs b\u00e5de f\u00f6r s\u00e5dana f\u00f6rdragsbest\u00e4mmelser som \u00e4r av betydelse ur grundlagssynvinkel och f\u00f6r hur de f\u00f6reslagna best\u00e4mmelserna f\u00f6r genomf\u00f6rande eller komplettering av EU-r\u00e4ttsakten f\u00f6rh\u00e5ller sig till grundlagen. H\u00e4r kan samma ordning som i standardrubrikerna anv\u00e4ndas: f\u00f6rst redog\u00f6r man f\u00f6r hur de f\u00f6reslagna best\u00e4mmelserna om genomf\u00f6rande eller komplettering av EU-r\u00e4ttsakten f\u00f6rh\u00e5ller sig till grundlagen och ger en bed\u00f6mning om lagstiftningsordningen, f\u00f6rst d\u00e4refter redog\u00f6r man f\u00f6r behovet av riksdagens samtycke till f\u00f6rdraget, redog\u00f6r f\u00f6r f\u00f6rdragsbest\u00e4mmelser som \u00e4r av betydelse ur grundlagssynvinkel och ger en bed\u00f6mning av ordningen f\u00f6r godk\u00e4nnande av f\u00f6rdraget och lagstiftningsordningen f\u00f6r den lag som g\u00e4ller ikrafts\u00e4ttande av f\u00f6rdraget. Om det inte r\u00e5der n\u00e5gra tvivel om f\u00f6rdragets och lagf\u00f6rslagens grundlagsenlighet, r\u00e4cker det att i motiveringen ta in ett omn\u00e4mnande av detta. N\u00e5got s\u00e4rskilt avsnitt om behandlingsordningen beh\u00f6ver d\u00e5 inte skrivas.<\/p>\n<p>Tv\u00e5 kl\u00e4mmar ska skrivas. Den f\u00f6rsta kl\u00e4mmen utg\u00f6r godk\u00e4nnande av f\u00f6rdraget, den andra godk\u00e4nnande av de lagf\u00f6rslag som ing\u00e5r i propositionen.<\/p>\n<blockquote><p><em>Med st\u00f6d av vad som anf\u00f6rts ovan och i enlighet med 94 \u00a7 i grundlagen f\u00f6resl\u00e5s det att riksdagen godk\u00e4nner den i Singapore den 16 mars 2006 ing\u00e5ngna konventionen om varum\u00e4rkesr\u00e4tt samt de till\u00e4mpningsf\u00f6reskrifter till konventionen som avses i artikel 22 i den.<\/em><\/p><\/blockquote>\n<blockquote><p><em>Eftersom direktivet f\u00f6r tilln\u00e4rmning av medlemsstaternas varum\u00e4rkeslagstiftning inneh\u00e5ller best\u00e4mmelser som f\u00f6resl\u00e5s bli genomf\u00f6rda genom lag och eftersom Singaporekonventionen och till\u00e4mpningsf\u00f6reskrifterna till konventionen inneh\u00e5ller best\u00e4mmelser som h\u00f6r till omr\u00e5det f\u00f6r lagstiftningen, f\u00f6rel\u00e4ggs riksdagen samtidigt f\u00f6ljande lagf\u00f6rslag:<\/em><\/p><\/blockquote>\n<p>Om det i en f\u00f6rdrags- och EU-relaterad proposition f\u00f6resl\u00e5s best\u00e4mmelser f\u00f6r att komplettera en EU-f\u00f6rordning, skrivs kl\u00e4mmen f\u00f6r godk\u00e4nnande av lagf\u00f6rslagen p\u00e5 f\u00f6ljande s\u00e4tt:<\/p>\n<blockquote><p><em>Eftersom f\u00f6rordningen &#8211; &#8211; inneh\u00e5ller best\u00e4mmelser som f\u00f6resl\u00e5s bli kompletterade genom lag och eftersom konventionen inneh\u00e5ller best\u00e4mmelser som h\u00f6r till omr\u00e5det f\u00f6r lagstiftningen, f\u00f6rel\u00e4ggs riksdagen samtidigt f\u00f6ljande lagf\u00f6rslag:<br \/>\n<\/em><\/p><\/blockquote>\n<p><\/p>","protected":false},"excerpt":{"rendered":"En proposition som utarbetas b\u00e5de f\u00f6r att godk\u00e4nna och f\u00f6r att s\u00e4tta ikraft ett statsf\u00f6rdrag och f\u00f6r att genomf\u00f6ra eller komplettera en EU-r\u00e4ttsakt kallas h\u00e4r, enligt vad som konstateras i b\u00f6rjan av handboken, f\u00f6rdrags- och EU-relaterad proposition. En s\u00e5dan proposition kan ocks\u00e5 inneh\u00e5lla lagstiftning som f\u00f6resl\u00e5s av nationella orsaker. N\u00e4r en f\u00f6rdrags- och EU-relaterad proposition [&hellip;]\n","protected":false},"author":2,"featured_media":0,"parent":48,"menu_order":10,"comment_status":"closed","ping_status":"closed","template":"","meta":{"footnotes":""},"categories":[],"_links":{"self":[{"href":"https:\/\/helo.finlex.fi\/sv\/wp-json\/wp\/v2\/pages\/288"}],"collection":[{"href":"https:\/\/helo.finlex.fi\/sv\/wp-json\/wp\/v2\/pages"}],"about":[{"href":"https:\/\/helo.finlex.fi\/sv\/wp-json\/wp\/v2\/types\/page"}],"author":[{"embeddable":true,"href":"https:\/\/helo.finlex.fi\/sv\/wp-json\/wp\/v2\/users\/2"}],"replies":[{"embeddable":true,"href":"https:\/\/helo.finlex.fi\/sv\/wp-json\/wp\/v2\/comments?post=288"}],"version-history":[{"count":7,"href":"https:\/\/helo.finlex.fi\/sv\/wp-json\/wp\/v2\/pages\/288\/revisions"}],"predecessor-version":[{"id":698,"href":"https:\/\/helo.finlex.fi\/sv\/wp-json\/wp\/v2\/pages\/288\/revisions\/698"}],"up":[{"embeddable":true,"href":"https:\/\/helo.finlex.fi\/sv\/wp-json\/wp\/v2\/pages\/48"}],"wp:attachment":[{"href":"https:\/\/helo.finlex.fi\/sv\/wp-json\/wp\/v2\/media?parent=288"}],"wp:term":[{"taxonomy":"category","embeddable":true,"href":"https:\/\/helo.finlex.fi\/sv\/wp-json\/wp\/v2\/categories?post=288"}],"curies":[{"name":"wp","href":"https:\/\/api.w.org\/{rel}","templated":true}]}}