{"id":286,"date":"2019-03-14T14:48:47","date_gmt":"2019-03-14T12:48:47","guid":{"rendered":"http:\/\/helo.finlex.fi\/?page_id=286"},"modified":"2019-04-18T16:30:34","modified_gmt":"2019-04-18T13:30:34","slug":"esityksen-rakenne","status":"publish","type":"page","link":"https:\/\/helo.finlex.fi\/sv\/vii-monitaustainen-hallituksen-esitys\/esityksen-rakenne\/","title":{"rendered":"Struktur"},"content":{"rendered":"<p><\/p>\n<ol class=\"list-unnumbered\">\n<li>PROPOSITIONENS HUVUDSAKLIGA INNEH\u00c5LL<\/li>\n<li>Inneh\u00e5ll<\/li>\n<li>MOTIVERING<\/li>\n<li>1 Bakgrund och beredning\n<ol class=\"list-unnumbered\">\n<li>1.1 Bakgrund<\/li>\n<li>1.2 Beredning<\/li>\n<li>Beredningen av f\u00f6rdraget<\/li>\n<li>Beredningen av EU-r\u00e4ttsakten<\/li>\n<li>Beredningen av propositionen<\/li>\n<\/ol>\n<\/li>\n<li>2 F\u00f6rdragets och EU-r\u00e4ttsaktens huvudsakliga inneh\u00e5ll<\/li>\n<li>3 Nul\u00e4ge och bed\u00f6mning av nul\u00e4get<\/li>\n<li>4 F\u00f6rslagen och deras konsekvenser\n<ol class=\"list-unnumbered\">\n<li>4.1 De viktigaste f\u00f6rslagen<\/li>\n<li>4.2 De huvudsakliga konsekvenserna<\/li>\n<\/ol>\n<\/li>\n<li>5 Alternativa handlingsv\u00e4gar<\/li>\n<li>6 Remissvar<\/li>\n<li>7 Best\u00e4mmelserna i f\u00f6rdraget och deras f\u00f6rh\u00e5llande till lagstiftningen i Finland<\/li>\n<li>8 Specialmotivering till lagf\u00f6rslaget\/lagf\u00f6rslagen<\/li>\n<li>9 Best\u00e4mmelser p\u00e5 l\u00e4gre niv\u00e5 \u00e4n lag<\/li>\n<li>10 Ikrafttr\u00e4dande<\/li>\n<li>11 Bifall av \u00c5lands lagting<\/li>\n<li>12 Verkst\u00e4llighet och uppf\u00f6ljning<\/li>\n<li>13 F\u00f6rh\u00e5llande till andra propositioner<\/li>\n<li>14 F\u00f6rh\u00e5llande till grundlagen samt lagstiftningsordning och behovet av riksdagens samtycke samt behandlingsordning\n<ol class=\"list-unnumbered\">\n<li>14.1 F\u00f6rh\u00e5llande till grundlagen samt lagstiftningsordning<\/li>\n<li>14.2 Behovet av riksdagens samtycke samt behandlingsordning<\/li>\n<\/ol>\n<\/li>\n<li>Kl\u00e4m 1<\/li>\n<li>Kl\u00e4m 2<\/li>\n<li>LAGF\u00d6RSLAG<\/li>\n<li>F\u00d6RDRAGSTEXT<\/li>\n<li>BILAGA\/BILAGOR<\/li>\n<\/ol>\n<p><\/p>","protected":false},"excerpt":{"rendered":"PROPOSITIONENS HUVUDSAKLIGA INNEH\u00c5LL Inneh\u00e5ll MOTIVERING 1 Bakgrund och beredning 1.1 Bakgrund 1.2 Beredning Beredningen av f\u00f6rdraget Beredningen av EU-r\u00e4ttsakten Beredningen av propositionen 2 F\u00f6rdragets och EU-r\u00e4ttsaktens huvudsakliga inneh\u00e5ll 3 Nul\u00e4ge och bed\u00f6mning av nul\u00e4get 4 F\u00f6rslagen och deras konsekvenser 4.1 De viktigaste f\u00f6rslagen 4.2 De huvudsakliga konsekvenserna 5 Alternativa handlingsv\u00e4gar 6 Remissvar 7 Best\u00e4mmelserna i [&hellip;]\n","protected":false},"author":2,"featured_media":0,"parent":48,"menu_order":0,"comment_status":"closed","ping_status":"closed","template":"","meta":{"footnotes":""},"categories":[],"_links":{"self":[{"href":"https:\/\/helo.finlex.fi\/sv\/wp-json\/wp\/v2\/pages\/286"}],"collection":[{"href":"https:\/\/helo.finlex.fi\/sv\/wp-json\/wp\/v2\/pages"}],"about":[{"href":"https:\/\/helo.finlex.fi\/sv\/wp-json\/wp\/v2\/types\/page"}],"author":[{"embeddable":true,"href":"https:\/\/helo.finlex.fi\/sv\/wp-json\/wp\/v2\/users\/2"}],"replies":[{"embeddable":true,"href":"https:\/\/helo.finlex.fi\/sv\/wp-json\/wp\/v2\/comments?post=286"}],"version-history":[{"count":4,"href":"https:\/\/helo.finlex.fi\/sv\/wp-json\/wp\/v2\/pages\/286\/revisions"}],"predecessor-version":[{"id":596,"href":"https:\/\/helo.finlex.fi\/sv\/wp-json\/wp\/v2\/pages\/286\/revisions\/596"}],"up":[{"embeddable":true,"href":"https:\/\/helo.finlex.fi\/sv\/wp-json\/wp\/v2\/pages\/48"}],"wp:attachment":[{"href":"https:\/\/helo.finlex.fi\/sv\/wp-json\/wp\/v2\/media?parent=286"}],"wp:term":[{"taxonomy":"category","embeddable":true,"href":"https:\/\/helo.finlex.fi\/sv\/wp-json\/wp\/v2\/categories?post=286"}],"curies":[{"name":"wp","href":"https:\/\/api.w.org\/{rel}","templated":true}]}}