{"id":219,"date":"2019-03-14T14:01:07","date_gmt":"2019-03-14T12:01:07","guid":{"rendered":"http:\/\/helo.finlex.fi\/?page_id=219"},"modified":"2019-04-18T15:34:36","modified_gmt":"2019-04-18T12:34:36","slug":"esityksen-rakenne","status":"publish","type":"page","link":"https:\/\/helo.finlex.fi\/sv\/vi-valtiosopimustaustainen-hallituksen-esitys\/esityksen-rakenne\/","title":{"rendered":"Struktur"},"content":{"rendered":"<p><\/p>\n<ol class=\"list-unnumbered\">\n<li>PROPOSITIONENS HUVUDSAKLIGA INNEH\u00c5LL<\/li>\n<li>Inneh\u00e5ll<\/li>\n<li>MOTIVERING<\/li>\n<li>1 Bakgrund och beredning\n<ol class=\"list-unnumbered\">\n<li>1.1 Bakgrund<\/li>\n<li>1.2 Beredning<\/li>\n<li>Beredningen av f\u00f6rdraget<\/li>\n<li>Beredningen p\u00e5 nationell niv\u00e5<\/li>\n<\/ol>\n<\/li>\n<li>2 F\u00f6rdragets m\u00e5ls\u00e4ttning<\/li>\n<li>3 De viktigaste f\u00f6rslagen<\/li>\n<li>4 Propositionens konsekvenser<\/li>\n<li>5 Remissvar<\/li>\n<li>6 Best\u00e4mmelserna i f\u00f6rdraget och deras f\u00f6rh\u00e5llande till lagstiftningen i Finland<\/li>\n<li>7 Specialmotivering till lagf\u00f6rslaget<\/li>\n<li>8 Best\u00e4mmelser p\u00e5 l\u00e4gre niv\u00e5 \u00e4n lag<\/li>\n<li>9 Ikrafttr\u00e4dande<\/li>\n<li>10 Bifall av \u00c5lands lagting<\/li>\n<li>11 Verkst\u00e4llighet och uppf\u00f6ljning<\/li>\n<li>12 F\u00f6rh\u00e5llande till andra propositioner<\/li>\n<li>13 Behovet av riksdagens samtycke samt behandlingsordning\n<ol class=\"list-unnumbered\">\n<li>13.1 Behovet av riksdagens samtycke<\/li>\n<li>13.2 Behandlingsordning<\/li>\n<\/ol>\n<\/li>\n<li>Kl\u00e4m 1<\/li>\n<li>Kl\u00e4m 2<\/li>\n<li>LAGF\u00d6RSLAG<\/li>\n<li>F\u00d6RDRAGSTEXT<\/li>\n<li>BILAGA\/BILAGOR<\/li>\n<li>Parallelltext till lagf\u00f6rslaget\/lagf\u00f6rslagen<\/li>\n<li>Andra bilagor<\/li>\n<\/ol>\n<p><\/p>","protected":false},"excerpt":{"rendered":"PROPOSITIONENS HUVUDSAKLIGA INNEH\u00c5LL Inneh\u00e5ll MOTIVERING 1 Bakgrund och beredning 1.1 Bakgrund 1.2 Beredning Beredningen av f\u00f6rdraget Beredningen p\u00e5 nationell niv\u00e5 2 F\u00f6rdragets m\u00e5ls\u00e4ttning 3 De viktigaste f\u00f6rslagen 4 Propositionens konsekvenser 5 Remissvar 6 Best\u00e4mmelserna i f\u00f6rdraget och deras f\u00f6rh\u00e5llande till lagstiftningen i Finland 7 Specialmotivering till lagf\u00f6rslaget 8 Best\u00e4mmelser p\u00e5 l\u00e4gre niv\u00e5 \u00e4n lag 9 [&hellip;]\n","protected":false},"author":2,"featured_media":0,"parent":46,"menu_order":0,"comment_status":"closed","ping_status":"closed","template":"","meta":{"footnotes":""},"categories":[],"_links":{"self":[{"href":"https:\/\/helo.finlex.fi\/sv\/wp-json\/wp\/v2\/pages\/219"}],"collection":[{"href":"https:\/\/helo.finlex.fi\/sv\/wp-json\/wp\/v2\/pages"}],"about":[{"href":"https:\/\/helo.finlex.fi\/sv\/wp-json\/wp\/v2\/types\/page"}],"author":[{"embeddable":true,"href":"https:\/\/helo.finlex.fi\/sv\/wp-json\/wp\/v2\/users\/2"}],"replies":[{"embeddable":true,"href":"https:\/\/helo.finlex.fi\/sv\/wp-json\/wp\/v2\/comments?post=219"}],"version-history":[{"count":6,"href":"https:\/\/helo.finlex.fi\/sv\/wp-json\/wp\/v2\/pages\/219\/revisions"}],"predecessor-version":[{"id":560,"href":"https:\/\/helo.finlex.fi\/sv\/wp-json\/wp\/v2\/pages\/219\/revisions\/560"}],"up":[{"embeddable":true,"href":"https:\/\/helo.finlex.fi\/sv\/wp-json\/wp\/v2\/pages\/46"}],"wp:attachment":[{"href":"https:\/\/helo.finlex.fi\/sv\/wp-json\/wp\/v2\/media?parent=219"}],"wp:term":[{"taxonomy":"category","embeddable":true,"href":"https:\/\/helo.finlex.fi\/sv\/wp-json\/wp\/v2\/categories?post=219"}],"curies":[{"name":"wp","href":"https:\/\/api.w.org\/{rel}","templated":true}]}}