{"id":151,"date":"2019-03-14T13:37:20","date_gmt":"2019-03-14T11:37:20","guid":{"rendered":"http:\/\/helo.finlex.fi\/?page_id=151"},"modified":"2019-05-22T13:32:25","modified_gmt":"2019-05-22T10:32:25","slug":"hallituksen-esityksen-nimi","status":"publish","type":"page","link":"https:\/\/helo.finlex.fi\/sv\/v-eu-taustainen-hallituksen-esitys\/hallituksen-esityksen-nimi\/","title":{"rendered":"Propositionens rubrik"},"content":{"rendered":"<p>Det som i huvudavsnitt IV s\u00e4gs om rubriken p\u00e5 en proposition med grundl\u00e4ggande struktur g\u00e4ller ocks\u00e5 en EU-relaterad proposition. Det faktum att propositionen har EU-anknytning kan dock komma fram ocks\u00e5 i propositionens rubrik.<\/p>\n<blockquote><p><em>Regeringens proposition till riksdagen med f\u00f6rslag till lag om genomf\u00f6rande av direktivet om en europeisk utredningsorder p\u00e5 det straffr\u00e4ttsliga omr\u00e5det och till lagar som har samband med den<br \/>\n<\/em><\/p>\n<p><em>Regeringens proposition till riksdagen med f\u00f6rslag till lagstiftning som kompletterar EU:s allm\u00e4nna dataskyddsf\u00f6rordning<br \/>\n<\/em><\/p><\/blockquote>\n<p><\/p>","protected":false},"excerpt":{"rendered":"Det som i huvudavsnitt IV s\u00e4gs om rubriken p\u00e5 en proposition med grundl\u00e4ggande struktur g\u00e4ller ocks\u00e5 en EU-relaterad proposition. Det faktum att propositionen har EU-anknytning kan dock komma fram ocks\u00e5 i propositionens rubrik. Regeringens proposition till riksdagen med f\u00f6rslag till lag om genomf\u00f6rande av direktivet om en europeisk utredningsorder p\u00e5 det straffr\u00e4ttsliga omr\u00e5det och till [&hellip;]\n","protected":false},"author":2,"featured_media":0,"parent":44,"menu_order":20,"comment_status":"closed","ping_status":"closed","template":"","meta":{"footnotes":""},"categories":[],"_links":{"self":[{"href":"https:\/\/helo.finlex.fi\/sv\/wp-json\/wp\/v2\/pages\/151"}],"collection":[{"href":"https:\/\/helo.finlex.fi\/sv\/wp-json\/wp\/v2\/pages"}],"about":[{"href":"https:\/\/helo.finlex.fi\/sv\/wp-json\/wp\/v2\/types\/page"}],"author":[{"embeddable":true,"href":"https:\/\/helo.finlex.fi\/sv\/wp-json\/wp\/v2\/users\/2"}],"replies":[{"embeddable":true,"href":"https:\/\/helo.finlex.fi\/sv\/wp-json\/wp\/v2\/comments?post=151"}],"version-history":[{"count":4,"href":"https:\/\/helo.finlex.fi\/sv\/wp-json\/wp\/v2\/pages\/151\/revisions"}],"predecessor-version":[{"id":664,"href":"https:\/\/helo.finlex.fi\/sv\/wp-json\/wp\/v2\/pages\/151\/revisions\/664"}],"up":[{"embeddable":true,"href":"https:\/\/helo.finlex.fi\/sv\/wp-json\/wp\/v2\/pages\/44"}],"wp:attachment":[{"href":"https:\/\/helo.finlex.fi\/sv\/wp-json\/wp\/v2\/media?parent=151"}],"wp:term":[{"taxonomy":"category","embeddable":true,"href":"https:\/\/helo.finlex.fi\/sv\/wp-json\/wp\/v2\/categories?post=151"}],"curies":[{"name":"wp","href":"https:\/\/api.w.org\/{rel}","templated":true}]}}