{"id":145,"date":"2019-03-14T13:28:48","date_gmt":"2019-03-14T11:28:48","guid":{"rendered":"http:\/\/helo.finlex.fi\/?page_id=145"},"modified":"2020-01-14T14:00:28","modified_gmt":"2020-01-14T12:00:28","slug":"esityksen-rakenne","status":"publish","type":"page","link":"https:\/\/helo.finlex.fi\/sv\/v-eu-taustainen-hallituksen-esitys\/esityksen-rakenne\/","title":{"rendered":"Struktur"},"content":{"rendered":"<p><\/p>\n<ol class=\"list-unnumbered\">\n<li>PROPOSITIONENS HUVUDSAKLIGA INNEH\u00c5LL<\/li>\n<li>Inneh\u00e5ll<\/li>\n<li>MOTIVERING<\/li>\n<li>1 Bakgrund och beredning\n<ol class=\"list-unnumbered\">\n<li>1 Bakgrund<\/li>\n<li>2 Beredning<\/li>\n<li>Beredningen av EU-r\u00e4ttsakten<\/li>\n<li>Beredningen av propositionen<\/li>\n<\/ol>\n<\/li>\n<li>2 EU-r\u00e4ttsaktens m\u00e5ls\u00e4ttning och huvudsakliga inneh\u00e5ll<\/li>\n<li>3 Nul\u00e4ge och bed\u00f6mning av nul\u00e4get<\/li>\n<li>4 F\u00f6rslagen och deras konsekvenser\n<ol class=\"list-unnumbered\">\n<li>4.1 De viktigaste f\u00f6rslagen<\/li>\n<li>4.2 De huvudsakliga konsekvenserna<\/li>\n<\/ol>\n<\/li>\n<li>5 Alternativa handlingsv\u00e4gar\n<ol class=\"list-unnumbered\">\n<li>5.1 Handlingsalternativen och deras konsekvenser<\/li>\n<li>5.2 Handlingsmodeller som anv\u00e4nds eller planeras i andra medlemsstater<\/li>\n<\/ol>\n<\/li>\n<li>6 Remissvar<\/li>\n<li>7 Specialmotivering<\/li>\n<li>8 Best\u00e4mmelser p\u00e5 l\u00e4gre niv\u00e5 \u00e4n lag<\/li>\n<li>9 Ikrafttr\u00e4dande<\/li>\n<li>10 Verkst\u00e4llighet och uppf\u00f6ljning<\/li>\n<li>11 F\u00f6rh\u00e5llande till andra propositioner\n<ol class=\"list-unnumbered\">\n<li>11.1 Samband med andra propositioner<\/li>\n<li>11.2 F\u00f6rh\u00e5llande till budgetpropositionen<\/li>\n<\/ol>\n<\/li>\n<li>12 F\u00f6rh\u00e5llande till grundlagen samt lagstiftningsordning<\/li>\n<li>Kl\u00e4m<\/li>\n<li>LAGF\u00d6RSLAG<\/li>\n<li>BILAGA\/BILAGOR<\/li>\n<li>Parallelltext\/Parallelltexter<\/li>\n<li>F\u00f6rordningsutkast<\/li>\n<li>Andra bilagor<\/li>\n<\/ol>\n<p><\/p>","protected":false},"excerpt":{"rendered":"PROPOSITIONENS HUVUDSAKLIGA INNEH\u00c5LL Inneh\u00e5ll MOTIVERING 1 Bakgrund och beredning 1 Bakgrund 2 Beredning Beredningen av EU-r\u00e4ttsakten Beredningen av propositionen 2 EU-r\u00e4ttsaktens m\u00e5ls\u00e4ttning och huvudsakliga inneh\u00e5ll 3 Nul\u00e4ge och bed\u00f6mning av nul\u00e4get 4 F\u00f6rslagen och deras konsekvenser 4.1 De viktigaste f\u00f6rslagen 4.2 De huvudsakliga konsekvenserna 5 Alternativa handlingsv\u00e4gar 5.1 Handlingsalternativen och deras konsekvenser 5.2 Handlingsmodeller som [&hellip;]\n","protected":false},"author":2,"featured_media":0,"parent":44,"menu_order":0,"comment_status":"closed","ping_status":"closed","template":"","meta":{"footnotes":""},"categories":[],"_links":{"self":[{"href":"https:\/\/helo.finlex.fi\/sv\/wp-json\/wp\/v2\/pages\/145"}],"collection":[{"href":"https:\/\/helo.finlex.fi\/sv\/wp-json\/wp\/v2\/pages"}],"about":[{"href":"https:\/\/helo.finlex.fi\/sv\/wp-json\/wp\/v2\/types\/page"}],"author":[{"embeddable":true,"href":"https:\/\/helo.finlex.fi\/sv\/wp-json\/wp\/v2\/users\/2"}],"replies":[{"embeddable":true,"href":"https:\/\/helo.finlex.fi\/sv\/wp-json\/wp\/v2\/comments?post=145"}],"version-history":[{"count":7,"href":"https:\/\/helo.finlex.fi\/sv\/wp-json\/wp\/v2\/pages\/145\/revisions"}],"predecessor-version":[{"id":730,"href":"https:\/\/helo.finlex.fi\/sv\/wp-json\/wp\/v2\/pages\/145\/revisions\/730"}],"up":[{"embeddable":true,"href":"https:\/\/helo.finlex.fi\/sv\/wp-json\/wp\/v2\/pages\/44"}],"wp:attachment":[{"href":"https:\/\/helo.finlex.fi\/sv\/wp-json\/wp\/v2\/media?parent=145"}],"wp:term":[{"taxonomy":"category","embeddable":true,"href":"https:\/\/helo.finlex.fi\/sv\/wp-json\/wp\/v2\/categories?post=145"}],"curies":[{"name":"wp","href":"https:\/\/api.w.org\/{rel}","templated":true}]}}